{"id":6715,"date":"2025-08-21T16:26:23","date_gmt":"2025-08-21T14:26:23","guid":{"rendered":"https:\/\/www-test.idearespa.eu\/?page_id=6715"},"modified":"2025-09-02T14:38:00","modified_gmt":"2025-09-02T12:38:00","slug":"refnow","status":"publish","type":"page","link":"https:\/\/www-test.idearespa.eu\/fr\/soluzioni\/refnow\/","title":{"rendered":"01-1-D\u00e9tail des pages : REFnow"},"content":{"rendered":"<div data-elementor-type=\"wp-page\" data-elementor-id=\"6715\" class=\"elementor elementor-6715\" data-elementor-post-type=\"page\">\n\t\t\t\t<div class=\"elementor-element elementor-element-17f57cec e-flex e-con-boxed e-con e-child\" data-id=\"17f57cec\" data-element_type=\"container\" data-settings=\"{&quot;background_background&quot;:&quot;classic&quot;}\">\n\t\t\t\t\t<div class=\"e-con-inner\">\n\t\t<div class=\"elementor-element elementor-element-43d123ef e-con-full e-flex e-con e-child\" data-id=\"43d123ef\" data-element_type=\"container\">\n\t\t<div class=\"elementor-element elementor-element-3d999d49 e-con-full e-flex e-con e-child\" data-id=\"3d999d49\" data-element_type=\"container\">\n\t\t\t\t<div class=\"elementor-element elementor-element-168bd480 elementor-widget elementor-widget-heading\" data-id=\"168bd480\" data-element_type=\"widget\" data-widget_type=\"heading.default\">\n\t\t\t\t<div class=\"elementor-widget-container\">\n\t\t\t\t\t<h2 class=\"elementor-heading-title elementor-size-default\">REFNow<\/h2>\t\t\t\t<\/div>\n\t\t\t\t<\/div>\n\t\t\t\t<div class=\"elementor-element elementor-element-54bbd76 elementor-widget elementor-widget-heading\" data-id=\"54bbd76\" data-element_type=\"widget\" data-widget_type=\"heading.default\">\n\t\t\t\t<div class=\"elementor-widget-container\">\n\t\t\t\t\t<h1 class=\"elementor-heading-title elementor-size-default\">Relief num\u00e9rique en temps r\u00e9el, avec une pr\u00e9cision millim\u00e9trique<\/h1>\t\t\t\t<\/div>\n\t\t\t\t<\/div>\n\t\t\t\t<div class=\"elementor-element elementor-element-2fa0aaf9 elementor-widget elementor-widget-text-editor\" data-id=\"2fa0aaf9\" data-element_type=\"widget\" data-widget_type=\"text-editor.default\">\n\t\t\t\t<div class=\"elementor-widget-container\">\n\t\t\t\t\t\t\t\t\t<p>REFNow est l'application mobile qui simplifie et acc\u00e9l\u00e8re les relev\u00e9s techniques gr\u00e2ce \u00e0 <strong data-start=\"853\" data-end=\"862\">LiDAR<\/strong>, <strong data-start=\"864\" data-end=\"883\">vision par ordinateur<\/strong> e <strong data-start=\"886\" data-end=\"892\">IA<\/strong>, directement depuis votre smartphone ou votre tablette.<\/p>\t\t\t\t\t\t\t\t<\/div>\n\t\t\t\t<\/div>\n\t\t\t\t<div class=\"elementor-element elementor-element-7e2d42ef elementor-tablet-align-justify elementor-align-justify elementor-widget__width-initial elementor-widget elementor-widget-button\" data-id=\"7e2d42ef\" data-element_type=\"widget\" data-widget_type=\"button.default\">\n\t\t\t\t<div class=\"elementor-widget-container\">\n\t\t\t\t\t\t\t\t\t<div class=\"elementor-button-wrapper\">\n\t\t\t\t\t<a class=\"elementor-button elementor-button-link elementor-size-sm\" href=\"https:\/\/www-test.idearespa.eu\/fr\/demo\/\">\n\t\t\t\t\t\t<span class=\"elementor-button-content-wrapper\">\n\t\t\t\t\t\t<span class=\"elementor-button-icon\">\n\t\t\t\t<i aria-hidden=\"true\" class=\"fas fa-long-arrow-alt-right\"><\/i>\t\t\t<\/span>\n\t\t\t\t\t\t\t\t\t<span class=\"elementor-button-text\">Demander une d\u00e9monstration<\/span>\n\t\t\t\t\t<\/span>\n\t\t\t\t\t<\/a>\n\t\t\t\t<\/div>\n\t\t\t\t\t\t\t\t<\/div>\n\t\t\t\t<\/div>\n\t\t\t\t<\/div>\n\t\t<div class=\"elementor-element elementor-element-4cdc2bc9 e-con-full e-flex e-con e-child\" data-id=\"4cdc2bc9\" data-element_type=\"container\">\n\t\t\t\t<div class=\"elementor-element elementor-element-1a20bffe elementor-widget elementor-widget-image\" data-id=\"1a20bffe\" data-element_type=\"widget\" data-widget_type=\"image.default\">\n\t\t\t\t<div class=\"elementor-widget-container\">\n\t\t\t\t\t\t\t\t\t\t\t\t\t\t\t<img fetchpriority=\"high\" decoding=\"async\" width=\"600\" height=\"384\" src=\"https:\/\/www-test.idearespa.eu\/wp-content\/uploads\/2025\/08\/05-refnow-ideare-tablet-02.png\" class=\"attachment-large size-large wp-image-6957\" alt=\"\" srcset=\"https:\/\/www-test.idearespa.eu\/wp-content\/uploads\/2025\/08\/05-refnow-ideare-tablet-02.png 600w, https:\/\/www-test.idearespa.eu\/wp-content\/uploads\/2025\/08\/05-refnow-ideare-tablet-02-300x192.png 300w, https:\/\/www-test.idearespa.eu\/wp-content\/uploads\/2025\/08\/05-refnow-ideare-tablet-02-18x12.png 18w\" sizes=\"(max-width: 600px) 100vw, 600px\" \/>\t\t\t\t\t\t\t\t\t\t\t\t\t\t\t<\/div>\n\t\t\t\t<\/div>\n\t\t\t\t<\/div>\n\t\t\t\t<\/div>\n\t\t\t\t\t<\/div>\n\t\t\t\t<\/div>\n\t\t<div class=\"elementor-element elementor-element-8177cef e-flex e-con-boxed e-con e-child\" data-id=\"8177cef\" data-element_type=\"container\">\n\t\t\t\t\t<div class=\"e-con-inner\">\n\t\t<div class=\"elementor-element elementor-element-e4ce484 e-con-full e-flex e-con e-child\" data-id=\"e4ce484\" data-element_type=\"container\">\n\t\t<div class=\"elementor-element elementor-element-4c15ae5 e-con-full e-flex e-con e-child\" data-id=\"4c15ae5\" data-element_type=\"container\">\n\t\t<div class=\"elementor-element elementor-element-b5db3e3 e-con-full e-flex e-con e-child\" data-id=\"b5db3e3\" data-element_type=\"container\">\n\t\t\t\t<div class=\"elementor-element elementor-element-08bb35e elementor-widget elementor-widget-heading\" data-id=\"08bb35e\" data-element_type=\"widget\" data-widget_type=\"heading.default\">\n\t\t\t\t<div class=\"elementor-widget-container\">\n\t\t\t\t\t<h2 class=\"elementor-heading-title elementor-size-default\">Du champ aux donn\u00e9es exploitables, sans \u00e9tapes interm\u00e9diaires<\/h2>\t\t\t\t<\/div>\n\t\t\t\t<\/div>\n\t\t\t\t<div class=\"elementor-element elementor-element-81f1fc7 elementor-widget elementor-widget-text-editor\" data-id=\"81f1fc7\" data-element_type=\"widget\" data-widget_type=\"text-editor.default\">\n\t\t\t\t<div class=\"elementor-widget-container\">\n\t\t\t\t\t\t\t\t\t<p data-start=\"565\" data-end=\"1007\">Acqu\u00e9rir des espaces physiques <strong data-start=\"1093\" data-end=\"1111\">en temps r\u00e9el<\/strong>, g\u00e9n\u00e8re <strong data-start=\"1120\" data-end=\"1134\">mod\u00e8les 3D<\/strong>, <strong data-start=\"1136\" data-end=\"1162\">plans vectoriels<\/strong> e <strong data-start=\"1165\" data-end=\"1173\">maille<\/strong> haute d\u00e9finition, r\u00e9duisant ainsi les d\u00e9lais, les erreurs et les retouches. Les donn\u00e9es sont imm\u00e9diatement int\u00e9gr\u00e9es dans l'\u00e9cosyst\u00e8me. <strong data-start=\"1272\" data-end=\"1283\">Arbre de r\u00e9f\u00e9rence<\/strong> pour la gestion technique, la planification des interventions et la valorisation.<\/p>\t\t\t\t\t\t\t\t<\/div>\n\t\t\t\t<\/div>\n\t\t\t\t<\/div>\n\t\t\t\t<\/div>\n\t\t\t\t<\/div>\n\t\t<div class=\"elementor-element elementor-element-36dc457 e-con-full e-flex e-con e-child\" data-id=\"36dc457\" data-element_type=\"container\">\n\t\t\t\t<div class=\"elementor-element elementor-element-426e396 elementor-widget elementor-widget-image\" data-id=\"426e396\" data-element_type=\"widget\" data-widget_type=\"image.default\">\n\t\t\t\t<div class=\"elementor-widget-container\">\n\t\t\t\t\t\t\t\t\t\t\t\t\t\t\t<img decoding=\"async\" width=\"600\" height=\"614\" src=\"https:\/\/www-test.idearespa.eu\/wp-content\/uploads\/2025\/08\/05-refnow-ideare-tablet-01.png\" class=\"attachment-large size-large wp-image-6956\" alt=\"\" srcset=\"https:\/\/www-test.idearespa.eu\/wp-content\/uploads\/2025\/08\/05-refnow-ideare-tablet-01.png 600w, https:\/\/www-test.idearespa.eu\/wp-content\/uploads\/2025\/08\/05-refnow-ideare-tablet-01-293x300.png 293w, https:\/\/www-test.idearespa.eu\/wp-content\/uploads\/2025\/08\/05-refnow-ideare-tablet-01-12x12.png 12w\" sizes=\"(max-width: 600px) 100vw, 600px\" \/>\t\t\t\t\t\t\t\t\t\t\t\t\t\t\t<\/div>\n\t\t\t\t<\/div>\n\t\t\t\t<\/div>\n\t\t\t\t\t<\/div>\n\t\t\t\t<\/div>\n\t\t<div class=\"elementor-element elementor-element-ca3023c e-con-full e-flex e-con e-child\" data-id=\"ca3023c\" data-element_type=\"container\">\n\t\t<div class=\"elementor-element elementor-element-af6a5f8 e-con-full e-flex e-con e-child\" data-id=\"af6a5f8\" data-element_type=\"container\">\n\t\t<div class=\"elementor-element elementor-element-fb86c53 e-con-full e-flex e-con e-child\" data-id=\"fb86c53\" data-element_type=\"container\">\n\t\t\t\t<div class=\"elementor-element elementor-element-ef0e797 elementor-widget elementor-widget-heading\" data-id=\"ef0e797\" data-element_type=\"widget\" data-widget_type=\"heading.default\">\n\t\t\t\t<div class=\"elementor-widget-container\">\n\t\t\t\t\t<h2 class=\"elementor-heading-title elementor-size-default\">Caract\u00e9ristiques et cas d'utilisation<\/h2>\t\t\t\t<\/div>\n\t\t\t\t<\/div>\n\t\t\t\t<\/div>\n\t\t\t\t<\/div>\n\t\t\t\t<\/div>\n\t\t<div class=\"elementor-element elementor-element-b1ca592 e-flex e-con-boxed e-con e-child\" data-id=\"b1ca592\" data-element_type=\"container\">\n\t\t\t\t\t<div class=\"e-con-inner\">\n\t\t<div class=\"elementor-element elementor-element-ef46626 e-con-full ombra-cards e-flex e-con e-child\" data-id=\"ef46626\" data-element_type=\"container\" data-settings=\"{&quot;background_background&quot;:&quot;classic&quot;}\">\n\t\t<div class=\"elementor-element elementor-element-db77194 e-con-full e-flex e-con e-child\" data-id=\"db77194\" data-element_type=\"container\">\n\t\t\t\t<div class=\"elementor-element elementor-element-1b3eaa5 elementor-widget elementor-widget-heading\" data-id=\"1b3eaa5\" data-element_type=\"widget\" data-widget_type=\"heading.default\">\n\t\t\t\t<div class=\"elementor-widget-container\">\n\t\t\t\t\t<h2 class=\"elementor-heading-title elementor-size-default\">Fonctionnalit\u00e9s cl\u00e9s<\/h2>\t\t\t\t<\/div>\n\t\t\t\t<\/div>\n\t\t\t\t<div class=\"elementor-element elementor-element-cf86c05 elementor-widget-divider--view-line elementor-widget elementor-widget-divider\" data-id=\"cf86c05\" data-element_type=\"widget\" data-widget_type=\"divider.default\">\n\t\t\t\t<div class=\"elementor-widget-container\">\n\t\t\t\t\t\t\t<div class=\"elementor-divider\">\n\t\t\t<span class=\"elementor-divider-separator\">\n\t\t\t\t\t\t<\/span>\n\t\t<\/div>\n\t\t\t\t\t\t<\/div>\n\t\t\t\t<\/div>\n\t\t\t\t<div class=\"elementor-element elementor-element-ad0022d elementor-icon-list--layout-traditional elementor-list-item-link-full_width elementor-widget elementor-widget-icon-list\" data-id=\"ad0022d\" data-element_type=\"widget\" data-widget_type=\"icon-list.default\">\n\t\t\t\t<div class=\"elementor-widget-container\">\n\t\t\t\t\t\t\t<ul class=\"elementor-icon-list-items\">\n\t\t\t\t\t\t\t<li class=\"elementor-icon-list-item\">\n\t\t\t\t\t\t\t\t\t\t\t<span class=\"elementor-icon-list-icon\">\n\t\t\t\t\t\t\t<i aria-hidden=\"true\" class=\"fas fa-check\"><\/i>\t\t\t\t\t\t<\/span>\n\t\t\t\t\t\t\t\t\t\t<span class=\"elementor-icon-list-text\">Scan <strong>LiDAR<\/strong> e <strong>vision par ordinateur<\/strong> avec <strong>IA<\/strong> \u00e0 partir d'appareils mobiles<\/span>\n\t\t\t\t\t\t\t\t\t<\/li>\n\t\t\t\t\t\t\t\t<li class=\"elementor-icon-list-item\">\n\t\t\t\t\t\t\t\t\t\t\t<span class=\"elementor-icon-list-icon\">\n\t\t\t\t\t\t\t<i aria-hidden=\"true\" class=\"fas fa-check\"><\/i>\t\t\t\t\t\t<\/span>\n\t\t\t\t\t\t\t\t\t\t<span class=\"elementor-icon-list-text\">R\u00e9sultats imm\u00e9diats : <strong>plans 2D<\/strong>, <strong>maille<\/strong>, <strong>mod\u00e8les 3D<\/strong> (<strong>DXF<\/strong>, <strong>USDZ<\/strong>)<\/span>\n\t\t\t\t\t\t\t\t\t<\/li>\n\t\t\t\t\t\t\t\t<li class=\"elementor-icon-list-item\">\n\t\t\t\t\t\t\t\t\t\t\t<span class=\"elementor-icon-list-icon\">\n\t\t\t\t\t\t\t<i aria-hidden=\"true\" class=\"fas fa-check\"><\/i>\t\t\t\t\t\t<\/span>\n\t\t\t\t\t\t\t\t\t\t<span class=\"elementor-icon-list-text\"><strong>Reconnaissance des espaces<\/strong> e <strong>optimisation des itin\u00e9raires<\/strong><\/span>\n\t\t\t\t\t\t\t\t\t<\/li>\n\t\t\t\t\t\t\t\t<li class=\"elementor-icon-list-item\">\n\t\t\t\t\t\t\t\t\t\t\t<span class=\"elementor-icon-list-icon\">\n\t\t\t\t\t\t\t<i aria-hidden=\"true\" class=\"fas fa-check\"><\/i>\t\t\t\t\t\t<\/span>\n\t\t\t\t\t\t\t\t\t\t<span class=\"elementor-icon-list-text\"><strong>Exportation<\/strong> vers <strong>CAO\/BIM<\/strong> e <strong>int\u00e9gration REFTree<\/strong>.<\/span>\n\t\t\t\t\t\t\t\t\t<\/li>\n\t\t\t\t\t\t\t\t<li class=\"elementor-icon-list-item\">\n\t\t\t\t\t\t\t\t\t\t\t<span class=\"elementor-icon-list-icon\">\n\t\t\t\t\t\t\t<i aria-hidden=\"true\" class=\"fas fa-check\"><\/i>\t\t\t\t\t\t<\/span>\n\t\t\t\t\t\t\t\t\t\t<span class=\"elementor-icon-list-text\"><strong>Partage<\/strong> e <strong>collaboration<\/strong> avec les \u00e9quipes et les fournisseurs.<\/span>\n\t\t\t\t\t\t\t\t\t<\/li>\n\t\t\t\t\t\t<\/ul>\n\t\t\t\t\t\t<\/div>\n\t\t\t\t<\/div>\n\t\t\t\t<\/div>\n\t\t\t\t<\/div>\n\t\t<div class=\"elementor-element elementor-element-4147151 e-con-full ombra-cards e-flex e-con e-child\" data-id=\"4147151\" data-element_type=\"container\" data-settings=\"{&quot;background_background&quot;:&quot;classic&quot;}\">\n\t\t<div class=\"elementor-element elementor-element-9cc8f46 e-con-full e-flex e-con e-child\" data-id=\"9cc8f46\" data-element_type=\"container\">\n\t\t\t\t<div class=\"elementor-element elementor-element-837b7ab elementor-widget elementor-widget-heading\" data-id=\"837b7ab\" data-element_type=\"widget\" data-widget_type=\"heading.default\">\n\t\t\t\t<div class=\"elementor-widget-container\">\n\t\t\t\t\t<h2 class=\"elementor-heading-title elementor-size-default\">Quand l'utiliser<\/h2>\t\t\t\t<\/div>\n\t\t\t\t<\/div>\n\t\t\t\t<div class=\"elementor-element elementor-element-3ffed5b elementor-widget-divider--view-line elementor-widget elementor-widget-divider\" data-id=\"3ffed5b\" data-element_type=\"widget\" data-widget_type=\"divider.default\">\n\t\t\t\t<div class=\"elementor-widget-container\">\n\t\t\t\t\t\t\t<div class=\"elementor-divider\">\n\t\t\t<span class=\"elementor-divider-separator\">\n\t\t\t\t\t\t<\/span>\n\t\t<\/div>\n\t\t\t\t\t\t<\/div>\n\t\t\t\t<\/div>\n\t\t\t\t<div class=\"elementor-element elementor-element-f29a63d elementor-icon-list--layout-traditional elementor-list-item-link-full_width elementor-widget elementor-widget-icon-list\" data-id=\"f29a63d\" data-element_type=\"widget\" data-widget_type=\"icon-list.default\">\n\t\t\t\t<div class=\"elementor-widget-container\">\n\t\t\t\t\t\t\t<ul class=\"elementor-icon-list-items\">\n\t\t\t\t\t\t\t<li class=\"elementor-icon-list-item\">\n\t\t\t\t\t\t\t\t\t\t\t<span class=\"elementor-icon-list-icon\">\n\t\t\t\t\t\t\t<i aria-hidden=\"true\" class=\"fas fa-check\"><\/i>\t\t\t\t\t\t<\/span>\n\t\t\t\t\t\t\t\t\t\t<span class=\"elementor-icon-list-text\"><strong>Recensement<\/strong> e <strong>tel quel<\/strong> technique.<\/span>\n\t\t\t\t\t\t\t\t\t<\/li>\n\t\t\t\t\t\t\t\t<li class=\"elementor-icon-list-item\">\n\t\t\t\t\t\t\t\t\t\t\t<span class=\"elementor-icon-list-icon\">\n\t\t\t\t\t\t\t<i aria-hidden=\"true\" class=\"fas fa-check\"><\/i>\t\t\t\t\t\t<\/span>\n\t\t\t\t\t\t\t\t\t\t<span class=\"elementor-icon-list-text\"><strong>Mise \u00e0 jour des plans<\/strong> et donn\u00e9es relatives aux installations.<\/span>\n\t\t\t\t\t\t\t\t\t<\/li>\n\t\t\t\t\t\t\t\t<li class=\"elementor-icon-list-item\">\n\t\t\t\t\t\t\t\t\t\t\t<span class=\"elementor-icon-list-icon\">\n\t\t\t\t\t\t\t<i aria-hidden=\"true\" class=\"fas fa-check\"><\/i>\t\t\t\t\t\t<\/span>\n\t\t\t\t\t\t\t\t\t\t<span class=\"elementor-icon-list-text\"><strong>Contr\u00f4les sur chantier<\/strong> e <strong>\u00e9tude de site<\/strong>.<\/span>\n\t\t\t\t\t\t\t\t\t<\/li>\n\t\t\t\t\t\t\t\t<li class=\"elementor-icon-list-item\">\n\t\t\t\t\t\t\t\t\t\t\t<span class=\"elementor-icon-list-icon\">\n\t\t\t\t\t\t\t<i aria-hidden=\"true\" class=\"fas fa-check\"><\/i>\t\t\t\t\t\t<\/span>\n\t\t\t\t\t\t\t\t\t\t<span class=\"elementor-icon-list-text\">Pr\u00e9paration <strong>pratiques<\/strong> e <strong>documentation technique<\/strong>.<\/span>\n\t\t\t\t\t\t\t\t\t<\/li>\n\t\t\t\t\t\t\t\t<li class=\"elementor-icon-list-item\">\n\t\t\t\t\t\t\t\t\t\t\t<span class=\"elementor-icon-list-icon\">\n\t\t\t\t\t\t\t<i aria-hidden=\"true\" class=\"fas fa-check\"><\/i>\t\t\t\t\t\t<\/span>\n\t\t\t\t\t\t\t\t\t\t<span class=\"elementor-icon-list-text\">Contenu <strong>3D<\/strong> pour <strong>valorisation<\/strong> e <strong>marketing<\/strong>.<\/span>\n\t\t\t\t\t\t\t\t\t<\/li>\n\t\t\t\t\t\t<\/ul>\n\t\t\t\t\t\t<\/div>\n\t\t\t\t<\/div>\n\t\t\t\t<\/div>\n\t\t\t\t<\/div>\n\t\t\t\t\t<\/div>\n\t\t\t\t<\/div>\n\t\t<div class=\"elementor-element elementor-element-d099261 e-con-full e-flex e-con e-child\" data-id=\"d099261\" data-element_type=\"container\">\n\t\t<div class=\"elementor-element elementor-element-1c694aa e-flex e-con-boxed e-con e-child\" data-id=\"1c694aa\" data-element_type=\"container\">\n\t\t\t\t\t<div class=\"e-con-inner\">\n\t\t<div class=\"elementor-element elementor-element-31ce1df e-con-full e-flex e-con e-child\" data-id=\"31ce1df\" data-element_type=\"container\" data-settings=\"{&quot;background_background&quot;:&quot;classic&quot;}\">\n\t\t<div class=\"elementor-element elementor-element-2b843c0 e-con-full e-flex e-con e-child\" data-id=\"2b843c0\" data-element_type=\"container\">\n\t\t\t\t<div class=\"elementor-element elementor-element-d4c1b79 elementor-widget elementor-widget-heading\" data-id=\"d4c1b79\" data-element_type=\"widget\" data-widget_type=\"heading.default\">\n\t\t\t\t<div class=\"elementor-widget-container\">\n\t\t\t\t\t<h2 class=\"elementor-heading-title elementor-size-default\">Am\u00e9liorez vos relev\u00e9s sur le terrain<\/h2>\t\t\t\t<\/div>\n\t\t\t\t<\/div>\n\t\t\t\t<div class=\"elementor-element elementor-element-874536c elementor-tablet-align-justify elementor-align-justify elementor-widget__width-auto elementor-widget-mobile__width-inherit elementor-widget elementor-widget-button\" data-id=\"874536c\" data-element_type=\"widget\" data-widget_type=\"button.default\">\n\t\t\t\t<div class=\"elementor-widget-container\">\n\t\t\t\t\t\t\t\t\t<div class=\"elementor-button-wrapper\">\n\t\t\t\t\t<a class=\"elementor-button elementor-button-link elementor-size-sm\" href=\"https:\/\/www-test.idearespa.eu\/fr\/demo\/\">\n\t\t\t\t\t\t<span class=\"elementor-button-content-wrapper\">\n\t\t\t\t\t\t<span class=\"elementor-button-icon\">\n\t\t\t\t<i aria-hidden=\"true\" class=\"fas fa-laptop-code\"><\/i>\t\t\t<\/span>\n\t\t\t\t\t\t\t\t\t<span class=\"elementor-button-text\">Demander une d\u00e9monstration<\/span>\n\t\t\t\t\t<\/span>\n\t\t\t\t\t<\/a>\n\t\t\t\t<\/div>\n\t\t\t\t\t\t\t\t<\/div>\n\t\t\t\t<\/div>\n\t\t\t\t<\/div>\n\t\t<div class=\"elementor-element elementor-element-dcb744d e-con-full e-flex e-con e-child\" data-id=\"dcb744d\" data-element_type=\"container\">\n\t\t\t\t<\/div>\n\t\t\t\t<\/div>\n\t\t\t\t\t<\/div>\n\t\t\t\t<\/div>\n\t\t\t\t<\/div>\n\t\t\t\t<\/div>","protected":false},"excerpt":{"rendered":"<p>REFNow Lev\u00e9 num\u00e9rique en temps r\u00e9el et au millim\u00e8tre pr\u00e8s REFNow est l'application mobile qui simplifie et acc\u00e9l\u00e8re le lev\u00e9 technique gr\u00e2ce au LiDAR, \u00e0 la vision par ordinateur et \u00e0 l'IA, directement depuis votre smartphone ou votre tablette. Demander une d\u00e9mo Du terrain aux donn\u00e9es exploitables, sans \u00e9tapes interm\u00e9diaires Acqu\u00e9rir des espaces physiques en temps r\u00e9el, g\u00e9n\u00e9rer des mod\u00e8les 3D, des plans vectoriels et des maillages [...]<\/p>","protected":false},"author":8,"featured_media":0,"parent":6577,"menu_order":0,"comment_status":"closed","ping_status":"closed","template":"","meta":{"footnotes":""},"class_list":["post-6715","page","type-page","status-publish","hentry"],"_links":{"self":[{"href":"https:\/\/www-test.idearespa.eu\/fr\/wp-json\/wp\/v2\/pages\/6715","targetHints":{"allow":["GET"]}}],"collection":[{"href":"https:\/\/www-test.idearespa.eu\/fr\/wp-json\/wp\/v2\/pages"}],"about":[{"href":"https:\/\/www-test.idearespa.eu\/fr\/wp-json\/wp\/v2\/types\/page"}],"author":[{"embeddable":true,"href":"https:\/\/www-test.idearespa.eu\/fr\/wp-json\/wp\/v2\/users\/8"}],"replies":[{"embeddable":true,"href":"https:\/\/www-test.idearespa.eu\/fr\/wp-json\/wp\/v2\/comments?post=6715"}],"version-history":[{"count":28,"href":"https:\/\/www-test.idearespa.eu\/fr\/wp-json\/wp\/v2\/pages\/6715\/revisions"}],"predecessor-version":[{"id":7651,"href":"https:\/\/www-test.idearespa.eu\/fr\/wp-json\/wp\/v2\/pages\/6715\/revisions\/7651"}],"up":[{"embeddable":true,"href":"https:\/\/www-test.idearespa.eu\/fr\/wp-json\/wp\/v2\/pages\/6577"}],"wp:attachment":[{"href":"https:\/\/www-test.idearespa.eu\/fr\/wp-json\/wp\/v2\/media?parent=6715"}],"curies":[{"name":"wp","href":"https:\/\/api.w.org\/{rel}","templated":true}]}}