{"id":6738,"date":"2025-08-21T17:06:25","date_gmt":"2025-08-21T15:06:25","guid":{"rendered":"https:\/\/www-test.idearespa.eu\/?page_id=6738"},"modified":"2025-09-02T10:14:45","modified_gmt":"2025-09-02T08:14:45","slug":"refestimates","status":"publish","type":"page","link":"https:\/\/www-test.idearespa.eu\/fr\/soluzioni\/refestimates\/","title":{"rendered":"01-2-Page de d\u00e9tail : REFEstimates"},"content":{"rendered":"<div data-elementor-type=\"wp-page\" data-elementor-id=\"6738\" class=\"elementor elementor-6738\" data-elementor-post-type=\"page\">\n\t\t\t\t<div class=\"elementor-element elementor-element-17f57cec e-flex e-con-boxed e-con e-child\" data-id=\"17f57cec\" data-element_type=\"container\" data-settings=\"{&quot;background_background&quot;:&quot;classic&quot;}\">\n\t\t\t\t\t<div class=\"e-con-inner\">\n\t\t<div class=\"elementor-element elementor-element-43d123ef e-con-full e-flex e-con e-child\" data-id=\"43d123ef\" data-element_type=\"container\">\n\t\t<div class=\"elementor-element elementor-element-3d999d49 e-con-full e-flex e-con e-child\" data-id=\"3d999d49\" data-element_type=\"container\">\n\t\t\t\t<div class=\"elementor-element elementor-element-168bd480 elementor-widget elementor-widget-heading\" data-id=\"168bd480\" data-element_type=\"widget\" data-widget_type=\"heading.default\">\n\t\t\t\t<div class=\"elementor-widget-container\">\n\t\t\t\t\t<h2 class=\"elementor-heading-title elementor-size-default\">REFEstimations<\/h2>\t\t\t\t<\/div>\n\t\t\t\t<\/div>\n\t\t\t\t<div class=\"elementor-element elementor-element-54bbd76 elementor-widget elementor-widget-heading\" data-id=\"54bbd76\" data-element_type=\"widget\" data-widget_type=\"heading.default\">\n\t\t\t\t<div class=\"elementor-widget-container\">\n\t\t\t\t\t<h1 class=\"elementor-heading-title elementor-size-default\">Des estimations \u00e9conomiques fiables en quelques clics<\/h1>\t\t\t\t<\/div>\n\t\t\t\t<\/div>\n\t\t\t\t<div class=\"elementor-element elementor-element-2fa0aaf9 elementor-widget elementor-widget-text-editor\" data-id=\"2fa0aaf9\" data-element_type=\"widget\" data-widget_type=\"text-editor.default\">\n\t\t\t\t<div class=\"elementor-widget-container\">\n\t\t\t\t\t\t\t\t\t<p><strong>REFEstimations<\/strong> est l'outil num\u00e9rique permettant de calculer rapidement et pr\u00e9cis\u00e9ment le co\u00fbt des travaux de construction, de r\u00e9novation et d'entretien.<\/p>\t\t\t\t\t\t\t\t<\/div>\n\t\t\t\t<\/div>\n\t\t\t\t<div class=\"elementor-element elementor-element-7e2d42ef elementor-tablet-align-justify elementor-align-justify elementor-widget__width-initial elementor-widget elementor-widget-button\" data-id=\"7e2d42ef\" data-element_type=\"widget\" data-widget_type=\"button.default\">\n\t\t\t\t<div class=\"elementor-widget-container\">\n\t\t\t\t\t\t\t\t\t<div class=\"elementor-button-wrapper\">\n\t\t\t\t\t<a class=\"elementor-button elementor-button-link elementor-size-sm\" href=\"https:\/\/www-test.idearespa.eu\/fr\/demo\/\">\n\t\t\t\t\t\t<span class=\"elementor-button-content-wrapper\">\n\t\t\t\t\t\t<span class=\"elementor-button-icon\">\n\t\t\t\t<i aria-hidden=\"true\" class=\"fas fa-long-arrow-alt-right\"><\/i>\t\t\t<\/span>\n\t\t\t\t\t\t\t\t\t<span class=\"elementor-button-text\">Demander une d\u00e9monstration<\/span>\n\t\t\t\t\t<\/span>\n\t\t\t\t\t<\/a>\n\t\t\t\t<\/div>\n\t\t\t\t\t\t\t\t<\/div>\n\t\t\t\t<\/div>\n\t\t\t\t<\/div>\n\t\t<div class=\"elementor-element elementor-element-4cdc2bc9 e-con-full e-flex e-con e-child\" data-id=\"4cdc2bc9\" data-element_type=\"container\">\n\t\t\t\t<div class=\"elementor-element elementor-element-1a20bffe elementor-widget elementor-widget-image\" data-id=\"1a20bffe\" data-element_type=\"widget\" data-widget_type=\"image.default\">\n\t\t\t\t<div class=\"elementor-widget-container\">\n\t\t\t\t\t\t\t\t\t\t\t\t\t\t\t<img fetchpriority=\"high\" decoding=\"async\" width=\"600\" height=\"400\" src=\"https:\/\/www-test.idearespa.eu\/wp-content\/uploads\/2025\/08\/04-ideare-refestimates-laptop.png\" class=\"attachment-large size-large wp-image-6962\" alt=\"\" srcset=\"https:\/\/www-test.idearespa.eu\/wp-content\/uploads\/2025\/08\/04-ideare-refestimates-laptop.png 600w, https:\/\/www-test.idearespa.eu\/wp-content\/uploads\/2025\/08\/04-ideare-refestimates-laptop-300x200.png 300w, https:\/\/www-test.idearespa.eu\/wp-content\/uploads\/2025\/08\/04-ideare-refestimates-laptop-18x12.png 18w\" sizes=\"(max-width: 600px) 100vw, 600px\" \/>\t\t\t\t\t\t\t\t\t\t\t\t\t\t\t<\/div>\n\t\t\t\t<\/div>\n\t\t\t\t<\/div>\n\t\t\t\t<\/div>\n\t\t\t\t\t<\/div>\n\t\t\t\t<\/div>\n\t\t<div class=\"elementor-element elementor-element-8177cef e-flex e-con-boxed e-con e-child\" data-id=\"8177cef\" data-element_type=\"container\">\n\t\t\t\t\t<div class=\"e-con-inner\">\n\t\t<div class=\"elementor-element elementor-element-e4ce484 e-con-full e-flex e-con e-child\" data-id=\"e4ce484\" data-element_type=\"container\">\n\t\t<div class=\"elementor-element elementor-element-4c15ae5 e-con-full e-flex e-con e-child\" data-id=\"4c15ae5\" data-element_type=\"container\">\n\t\t<div class=\"elementor-element elementor-element-b5db3e3 e-con-full e-flex e-con e-child\" data-id=\"b5db3e3\" data-element_type=\"container\">\n\t\t\t\t<div class=\"elementor-element elementor-element-08bb35e elementor-widget elementor-widget-heading\" data-id=\"08bb35e\" data-element_type=\"widget\" data-widget_type=\"heading.default\">\n\t\t\t\t<div class=\"elementor-widget-container\">\n\t\t\t\t\t<h2 class=\"elementor-heading-title elementor-size-default\">De la mesure \u00e0 l'estimation, sans \u00e9tapes manuelles<\/h2>\t\t\t\t<\/div>\n\t\t\t\t<\/div>\n\t\t\t\t<div class=\"elementor-element elementor-element-81f1fc7 elementor-widget elementor-widget-text-editor\" data-id=\"81f1fc7\" data-element_type=\"widget\" data-widget_type=\"text-editor.default\">\n\t\t\t\t<div class=\"elementor-widget-container\">\n\t\t\t\t\t\t\t\t\t<p data-start=\"565\" data-end=\"1007\">Gr\u00e2ce \u00e0 l\u2019<strong>analyse automatique d'images, de notes et de plans<\/strong>, la solution produit des calculs m\u00e9triques et des devis bas\u00e9s sur des listes de prix officielles et des algorithmes intelligents.<br \/>Parfaite pour <strong>am\u00e9liorer la planification technique et soutenir les choix strat\u00e9giques d'investissement.<\/strong><\/p>\t\t\t\t\t\t\t\t<\/div>\n\t\t\t\t<\/div>\n\t\t\t\t<\/div>\n\t\t\t\t<\/div>\n\t\t\t\t<\/div>\n\t\t<div class=\"elementor-element elementor-element-36dc457 e-con-full e-flex e-con e-child\" data-id=\"36dc457\" data-element_type=\"container\">\n\t\t\t\t<div class=\"elementor-element elementor-element-426e396 elementor-widget elementor-widget-image\" data-id=\"426e396\" data-element_type=\"widget\" data-widget_type=\"image.default\">\n\t\t\t\t<div class=\"elementor-widget-container\">\n\t\t\t\t\t\t\t\t\t\t\t\t\t\t\t<img decoding=\"async\" width=\"600\" height=\"400\" src=\"https:\/\/www-test.idearespa.eu\/wp-content\/uploads\/2025\/08\/04-ideare-refestimates-laptop-02.png\" class=\"attachment-large size-large wp-image-6961\" alt=\"\" srcset=\"https:\/\/www-test.idearespa.eu\/wp-content\/uploads\/2025\/08\/04-ideare-refestimates-laptop-02.png 600w, https:\/\/www-test.idearespa.eu\/wp-content\/uploads\/2025\/08\/04-ideare-refestimates-laptop-02-300x200.png 300w, https:\/\/www-test.idearespa.eu\/wp-content\/uploads\/2025\/08\/04-ideare-refestimates-laptop-02-18x12.png 18w\" sizes=\"(max-width: 600px) 100vw, 600px\" \/>\t\t\t\t\t\t\t\t\t\t\t\t\t\t\t<\/div>\n\t\t\t\t<\/div>\n\t\t\t\t<\/div>\n\t\t\t\t\t<\/div>\n\t\t\t\t<\/div>\n\t\t<div class=\"elementor-element elementor-element-ca3023c e-con-full e-flex e-con e-child\" data-id=\"ca3023c\" data-element_type=\"container\">\n\t\t<div class=\"elementor-element elementor-element-af6a5f8 e-con-full e-flex e-con e-child\" data-id=\"af6a5f8\" data-element_type=\"container\">\n\t\t<div class=\"elementor-element elementor-element-fb86c53 e-con-full e-flex e-con e-child\" data-id=\"fb86c53\" data-element_type=\"container\">\n\t\t\t\t<div class=\"elementor-element elementor-element-ef0e797 elementor-widget elementor-widget-heading\" data-id=\"ef0e797\" data-element_type=\"widget\" data-widget_type=\"heading.default\">\n\t\t\t\t<div class=\"elementor-widget-container\">\n\t\t\t\t\t<h2 class=\"elementor-heading-title elementor-size-default\">Caract\u00e9ristiques et cas d'utilisation<\/h2>\t\t\t\t<\/div>\n\t\t\t\t<\/div>\n\t\t\t\t<\/div>\n\t\t\t\t<\/div>\n\t\t\t\t<\/div>\n\t\t<div class=\"elementor-element elementor-element-b1ca592 e-flex e-con-boxed e-con e-child\" data-id=\"b1ca592\" data-element_type=\"container\">\n\t\t\t\t\t<div class=\"e-con-inner\">\n\t\t<div class=\"elementor-element elementor-element-ef46626 e-con-full ombra-cards e-flex e-con e-child\" data-id=\"ef46626\" data-element_type=\"container\" data-settings=\"{&quot;background_background&quot;:&quot;classic&quot;}\">\n\t\t<div class=\"elementor-element elementor-element-db77194 e-con-full e-flex e-con e-child\" data-id=\"db77194\" data-element_type=\"container\">\n\t\t\t\t<div class=\"elementor-element elementor-element-1b3eaa5 elementor-widget elementor-widget-heading\" data-id=\"1b3eaa5\" data-element_type=\"widget\" data-widget_type=\"heading.default\">\n\t\t\t\t<div class=\"elementor-widget-container\">\n\t\t\t\t\t<h2 class=\"elementor-heading-title elementor-size-default\">Fonctionnalit\u00e9s cl\u00e9s<\/h2>\t\t\t\t<\/div>\n\t\t\t\t<\/div>\n\t\t\t\t<div class=\"elementor-element elementor-element-cf86c05 elementor-widget-divider--view-line elementor-widget elementor-widget-divider\" data-id=\"cf86c05\" data-element_type=\"widget\" data-widget_type=\"divider.default\">\n\t\t\t\t<div class=\"elementor-widget-container\">\n\t\t\t\t\t\t\t<div class=\"elementor-divider\">\n\t\t\t<span class=\"elementor-divider-separator\">\n\t\t\t\t\t\t<\/span>\n\t\t<\/div>\n\t\t\t\t\t\t<\/div>\n\t\t\t\t<\/div>\n\t\t\t\t<div class=\"elementor-element elementor-element-ad0022d elementor-icon-list--layout-traditional elementor-list-item-link-full_width elementor-widget elementor-widget-icon-list\" data-id=\"ad0022d\" data-element_type=\"widget\" data-widget_type=\"icon-list.default\">\n\t\t\t\t<div class=\"elementor-widget-container\">\n\t\t\t\t\t\t\t<ul class=\"elementor-icon-list-items\">\n\t\t\t\t\t\t\t<li class=\"elementor-icon-list-item\">\n\t\t\t\t\t\t\t\t\t\t\t<span class=\"elementor-icon-list-icon\">\n\t\t\t\t\t\t\t<i aria-hidden=\"true\" class=\"fas fa-check\"><\/i>\t\t\t\t\t\t<\/span>\n\t\t\t\t\t\t\t\t\t\t<span class=\"elementor-icon-list-text\"><strong>Estimation automatique des co\u00fbts<\/strong> pour les travaux de construction et d'entretien.<\/span>\n\t\t\t\t\t\t\t\t\t<\/li>\n\t\t\t\t\t\t\t\t<li class=\"elementor-icon-list-item\">\n\t\t\t\t\t\t\t\t\t\t\t<span class=\"elementor-icon-list-icon\">\n\t\t\t\t\t\t\t<i aria-hidden=\"true\" class=\"fas fa-check\"><\/i>\t\t\t\t\t\t<\/span>\n\t\t\t\t\t\t\t\t\t\t<span class=\"elementor-icon-list-text\">Analyse <strong>multimodal<\/strong> (<strong>images<\/strong>, <strong>notes<\/strong>, <strong>plans<\/strong>).<\/span>\n\t\t\t\t\t\t\t\t\t<\/li>\n\t\t\t\t\t\t\t\t<li class=\"elementor-icon-list-item\">\n\t\t\t\t\t\t\t\t\t\t\t<span class=\"elementor-icon-list-icon\">\n\t\t\t\t\t\t\t<i aria-hidden=\"true\" class=\"fas fa-check\"><\/i>\t\t\t\t\t\t<\/span>\n\t\t\t\t\t\t\t\t\t\t<span class=\"elementor-icon-list-text\"><strong>Calculs m\u00e9triques<\/strong> e <strong>devis<\/strong> document\u00e9s.<\/span>\n\t\t\t\t\t\t\t\t\t<\/li>\n\t\t\t\t\t\t\t\t<li class=\"elementor-icon-list-item\">\n\t\t\t\t\t\t\t\t\t\t\t<span class=\"elementor-icon-list-icon\">\n\t\t\t\t\t\t\t<i aria-hidden=\"true\" class=\"fas fa-check\"><\/i>\t\t\t\t\t\t<\/span>\n\t\t\t\t\t\t\t\t\t\t<span class=\"elementor-icon-list-text\"><strong>Correspondance<\/strong> avec <strong>listes officielles<\/strong> (CCIAA\/DEI\/r\u00e9gionales).<\/span>\n\t\t\t\t\t\t\t\t\t<\/li>\n\t\t\t\t\t\t\t\t<li class=\"elementor-icon-list-item\">\n\t\t\t\t\t\t\t\t\t\t\t<span class=\"elementor-icon-list-icon\">\n\t\t\t\t\t\t\t<i aria-hidden=\"true\" class=\"fas fa-check\"><\/i>\t\t\t\t\t\t<\/span>\n\t\t\t\t\t\t\t\t\t\t<span class=\"elementor-icon-list-text\"><strong>Calcul<\/strong> quantit\u00e9, <strong>co\u00fbts directs<\/strong>\/<strong>indirects<\/strong> en temps r\u00e9el.<\/span>\n\t\t\t\t\t\t\t\t\t<\/li>\n\t\t\t\t\t\t\t\t<li class=\"elementor-icon-list-item\">\n\t\t\t\t\t\t\t\t\t\t\t<span class=\"elementor-icon-list-icon\">\n\t\t\t\t\t\t\t<i aria-hidden=\"true\" class=\"fas fa-check\"><\/i>\t\t\t\t\t\t<\/span>\n\t\t\t\t\t\t\t\t\t\t<span class=\"elementor-icon-list-text\"><strong>Exporter au format PDF\/DOCX<\/strong> e <strong>workflow d'approbation<\/strong>.<\/span>\n\t\t\t\t\t\t\t\t\t<\/li>\n\t\t\t\t\t\t<\/ul>\n\t\t\t\t\t\t<\/div>\n\t\t\t\t<\/div>\n\t\t\t\t<\/div>\n\t\t\t\t<\/div>\n\t\t<div class=\"elementor-element elementor-element-4147151 e-con-full ombra-cards e-flex e-con e-child\" data-id=\"4147151\" data-element_type=\"container\" data-settings=\"{&quot;background_background&quot;:&quot;classic&quot;}\">\n\t\t<div class=\"elementor-element elementor-element-9cc8f46 e-con-full e-flex e-con e-child\" data-id=\"9cc8f46\" data-element_type=\"container\">\n\t\t\t\t<div class=\"elementor-element elementor-element-837b7ab elementor-widget elementor-widget-heading\" data-id=\"837b7ab\" data-element_type=\"widget\" data-widget_type=\"heading.default\">\n\t\t\t\t<div class=\"elementor-widget-container\">\n\t\t\t\t\t<h2 class=\"elementor-heading-title elementor-size-default\">Quand l'utiliser<\/h2>\t\t\t\t<\/div>\n\t\t\t\t<\/div>\n\t\t\t\t<div class=\"elementor-element elementor-element-3ffed5b elementor-widget-divider--view-line elementor-widget elementor-widget-divider\" data-id=\"3ffed5b\" data-element_type=\"widget\" data-widget_type=\"divider.default\">\n\t\t\t\t<div class=\"elementor-widget-container\">\n\t\t\t\t\t\t\t<div class=\"elementor-divider\">\n\t\t\t<span class=\"elementor-divider-separator\">\n\t\t\t\t\t\t<\/span>\n\t\t<\/div>\n\t\t\t\t\t\t<\/div>\n\t\t\t\t<\/div>\n\t\t\t\t<div class=\"elementor-element elementor-element-f29a63d elementor-icon-list--layout-traditional elementor-list-item-link-full_width elementor-widget elementor-widget-icon-list\" data-id=\"f29a63d\" data-element_type=\"widget\" data-widget_type=\"icon-list.default\">\n\t\t\t\t<div class=\"elementor-widget-container\">\n\t\t\t\t\t\t\t<ul class=\"elementor-icon-list-items\">\n\t\t\t\t\t\t\t<li class=\"elementor-icon-list-item\">\n\t\t\t\t\t\t\t\t\t\t\t<span class=\"elementor-icon-list-icon\">\n\t\t\t\t\t\t\t<i aria-hidden=\"true\" class=\"fas fa-check\"><\/i>\t\t\t\t\t\t<\/span>\n\t\t\t\t\t\t\t\t\t\t<span class=\"elementor-icon-list-text\"><strong>R\u00e9novations<\/strong> e <strong>maintenance programm\u00e9e<\/strong>.<\/span>\n\t\t\t\t\t\t\t\t\t<\/li>\n\t\t\t\t\t\t\t\t<li class=\"elementor-icon-list-item\">\n\t\t\t\t\t\t\t\t\t\t\t<span class=\"elementor-icon-list-icon\">\n\t\t\t\t\t\t\t<i aria-hidden=\"true\" class=\"fas fa-check\"><\/i>\t\t\t\t\t\t<\/span>\n\t\t\t\t\t\t\t\t\t\t<span class=\"elementor-icon-list-text\"><strong>Due diligence technique<\/strong> et \u00e9valuations de rentabilit\u00e9.<\/span>\n\t\t\t\t\t\t\t\t\t<\/li>\n\t\t\t\t\t\t\t\t<li class=\"elementor-icon-list-item\">\n\t\t\t\t\t\t\t\t\t\t\t<span class=\"elementor-icon-list-icon\">\n\t\t\t\t\t\t\t<i aria-hidden=\"true\" class=\"fas fa-check\"><\/i>\t\t\t\t\t\t<\/span>\n\t\t\t\t\t\t\t\t\t\t<span class=\"elementor-icon-list-text\"><strong>Comp\u00e9titions<\/strong>, <strong>march\u00e9s publics<\/strong> e <strong>sp\u00e9cifications<\/strong>.<\/span>\n\t\t\t\t\t\t\t\t\t<\/li>\n\t\t\t\t\t\t\t\t<li class=\"elementor-icon-list-item\">\n\t\t\t\t\t\t\t\t\t\t\t<span class=\"elementor-icon-list-icon\">\n\t\t\t\t\t\t\t<i aria-hidden=\"true\" class=\"fas fa-check\"><\/i>\t\t\t\t\t\t<\/span>\n\t\t\t\t\t\t\t\t\t\t<span class=\"elementor-icon-list-text\">Plans <strong>CAPEX<\/strong> e <strong>contr\u00f4le des co\u00fbts<\/strong> sur le chantier.<\/span>\n\t\t\t\t\t\t\t\t\t<\/li>\n\t\t\t\t\t\t<\/ul>\n\t\t\t\t\t\t<\/div>\n\t\t\t\t<\/div>\n\t\t\t\t<\/div>\n\t\t\t\t<\/div>\n\t\t\t\t\t<\/div>\n\t\t\t\t<\/div>\n\t\t<div class=\"elementor-element elementor-element-d099261 e-con-full e-flex e-con e-child\" data-id=\"d099261\" data-element_type=\"container\">\n\t\t<div class=\"elementor-element elementor-element-1c694aa e-flex e-con-boxed e-con e-child\" data-id=\"1c694aa\" data-element_type=\"container\">\n\t\t\t\t\t<div class=\"e-con-inner\">\n\t\t<div class=\"elementor-element elementor-element-31ce1df e-con-full e-flex e-con e-child\" data-id=\"31ce1df\" data-element_type=\"container\" data-settings=\"{&quot;background_background&quot;:&quot;classic&quot;}\">\n\t\t<div class=\"elementor-element elementor-element-2b843c0 e-con-full e-flex e-con e-child\" data-id=\"2b843c0\" data-element_type=\"container\">\n\t\t\t\t<div class=\"elementor-element elementor-element-d4c1b79 elementor-widget elementor-widget-heading\" data-id=\"d4c1b79\" data-element_type=\"widget\" data-widget_type=\"heading.default\">\n\t\t\t\t<div class=\"elementor-widget-container\">\n\t\t\t\t\t<h2 class=\"elementor-heading-title elementor-size-default\">Standardise les calculs et les d\u00e9cisions \u00e9conomiques<\/h2>\t\t\t\t<\/div>\n\t\t\t\t<\/div>\n\t\t\t\t<div class=\"elementor-element elementor-element-874536c elementor-tablet-align-justify elementor-align-justify elementor-widget__width-auto elementor-widget-mobile__width-inherit elementor-widget elementor-widget-button\" data-id=\"874536c\" data-element_type=\"widget\" data-widget_type=\"button.default\">\n\t\t\t\t<div class=\"elementor-widget-container\">\n\t\t\t\t\t\t\t\t\t<div class=\"elementor-button-wrapper\">\n\t\t\t\t\t<a class=\"elementor-button elementor-button-link elementor-size-sm\" href=\"https:\/\/www-test.idearespa.eu\/fr\/demo\/\">\n\t\t\t\t\t\t<span class=\"elementor-button-content-wrapper\">\n\t\t\t\t\t\t<span class=\"elementor-button-icon\">\n\t\t\t\t<i aria-hidden=\"true\" class=\"fas fa-laptop-code\"><\/i>\t\t\t<\/span>\n\t\t\t\t\t\t\t\t\t<span class=\"elementor-button-text\">Demander une d\u00e9monstration<\/span>\n\t\t\t\t\t<\/span>\n\t\t\t\t\t<\/a>\n\t\t\t\t<\/div>\n\t\t\t\t\t\t\t\t<\/div>\n\t\t\t\t<\/div>\n\t\t\t\t<\/div>\n\t\t<div class=\"elementor-element elementor-element-dcb744d e-con-full e-flex e-con e-child\" data-id=\"dcb744d\" data-element_type=\"container\">\n\t\t\t\t<\/div>\n\t\t\t\t<\/div>\n\t\t\t\t\t<\/div>\n\t\t\t\t<\/div>\n\t\t\t\t<\/div>\n\t\t\t\t<\/div>","protected":false},"excerpt":{"rendered":"<p>REFEstimates Des estimations \u00e9conomiques fiables en quelques clics REFEstimates est l'outil num\u00e9rique pour calculer rapidement et pr\u00e9cis\u00e9ment le co\u00fbt des travaux de construction, de r\u00e9novation et d'entretien. Demander une d\u00e9mo Du relev\u00e9 au devis, sans \u00e9tapes manuelles Gr\u00e2ce \u00e0 l'analyse automatique des images, des notes et des plans, la solution produit des calculs m\u00e9triques et des devis bas\u00e9s sur des listes de prix [...]<\/p>","protected":false},"author":8,"featured_media":0,"parent":6577,"menu_order":0,"comment_status":"closed","ping_status":"closed","template":"","meta":{"footnotes":""},"class_list":["post-6738","page","type-page","status-publish","hentry"],"_links":{"self":[{"href":"https:\/\/www-test.idearespa.eu\/fr\/wp-json\/wp\/v2\/pages\/6738","targetHints":{"allow":["GET"]}}],"collection":[{"href":"https:\/\/www-test.idearespa.eu\/fr\/wp-json\/wp\/v2\/pages"}],"about":[{"href":"https:\/\/www-test.idearespa.eu\/fr\/wp-json\/wp\/v2\/types\/page"}],"author":[{"embeddable":true,"href":"https:\/\/www-test.idearespa.eu\/fr\/wp-json\/wp\/v2\/users\/8"}],"replies":[{"embeddable":true,"href":"https:\/\/www-test.idearespa.eu\/fr\/wp-json\/wp\/v2\/comments?post=6738"}],"version-history":[{"count":20,"href":"https:\/\/www-test.idearespa.eu\/fr\/wp-json\/wp\/v2\/pages\/6738\/revisions"}],"predecessor-version":[{"id":7654,"href":"https:\/\/www-test.idearespa.eu\/fr\/wp-json\/wp\/v2\/pages\/6738\/revisions\/7654"}],"up":[{"embeddable":true,"href":"https:\/\/www-test.idearespa.eu\/fr\/wp-json\/wp\/v2\/pages\/6577"}],"wp:attachment":[{"href":"https:\/\/www-test.idearespa.eu\/fr\/wp-json\/wp\/v2\/media?parent=6738"}],"curies":[{"name":"wp","href":"https:\/\/api.w.org\/{rel}","templated":true}]}}