{"id":6747,"date":"2025-08-21T17:12:15","date_gmt":"2025-08-21T15:12:15","guid":{"rendered":"https:\/\/www-test.idearespa.eu\/?page_id=6747"},"modified":"2025-09-02T10:14:52","modified_gmt":"2025-09-02T08:14:52","slug":"refgenius","status":"publish","type":"page","link":"https:\/\/www-test.idearespa.eu\/fr\/soluzioni\/refgenius\/","title":{"rendered":"01-3-D\u00e9tail de la page : REFGenius"},"content":{"rendered":"<div data-elementor-type=\"wp-page\" data-elementor-id=\"6747\" class=\"elementor elementor-6747\" data-elementor-post-type=\"page\">\n\t\t\t\t<div class=\"elementor-element elementor-element-17f57cec e-flex e-con-boxed e-con e-child\" data-id=\"17f57cec\" data-element_type=\"container\" data-settings=\"{&quot;background_background&quot;:&quot;classic&quot;}\">\n\t\t\t\t\t<div class=\"e-con-inner\">\n\t\t<div class=\"elementor-element elementor-element-43d123ef e-con-full e-flex e-con e-child\" data-id=\"43d123ef\" data-element_type=\"container\">\n\t\t<div class=\"elementor-element elementor-element-3d999d49 e-con-full e-flex e-con e-child\" data-id=\"3d999d49\" data-element_type=\"container\">\n\t\t\t\t<div class=\"elementor-element elementor-element-168bd480 elementor-widget elementor-widget-heading\" data-id=\"168bd480\" data-element_type=\"widget\" data-widget_type=\"heading.default\">\n\t\t\t\t<div class=\"elementor-widget-container\">\n\t\t\t\t\t<h2 class=\"elementor-heading-title elementor-size-default\">REFGenius<\/h2>\t\t\t\t<\/div>\n\t\t\t\t<\/div>\n\t\t\t\t<div class=\"elementor-element elementor-element-54bbd76 elementor-widget elementor-widget-heading\" data-id=\"54bbd76\" data-element_type=\"widget\" data-widget_type=\"heading.default\">\n\t\t\t\t<div class=\"elementor-widget-container\">\n\t\t\t\t\t<h1 class=\"elementor-heading-title elementor-size-default\">Gestion automatis\u00e9e des signalements et des demandes<\/h1>\t\t\t\t<\/div>\n\t\t\t\t<\/div>\n\t\t\t\t<div class=\"elementor-element elementor-element-2fa0aaf9 elementor-widget elementor-widget-text-editor\" data-id=\"2fa0aaf9\" data-element_type=\"widget\" data-widget_type=\"text-editor.default\">\n\t\t\t\t<div class=\"elementor-widget-container\">\n\t\t\t\t\t\t\t\t\t<p>REFGenius est le <strong>syst\u00e8me intelligent<\/strong> pour recevoir, organiser et r\u00e9pondre aux signalements relatifs aux biens immobiliers.<\/p>\t\t\t\t\t\t\t\t<\/div>\n\t\t\t\t<\/div>\n\t\t\t\t<div class=\"elementor-element elementor-element-7e2d42ef elementor-tablet-align-justify elementor-align-justify elementor-widget__width-initial elementor-widget elementor-widget-button\" data-id=\"7e2d42ef\" data-element_type=\"widget\" data-widget_type=\"button.default\">\n\t\t\t\t<div class=\"elementor-widget-container\">\n\t\t\t\t\t\t\t\t\t<div class=\"elementor-button-wrapper\">\n\t\t\t\t\t<a class=\"elementor-button elementor-button-link elementor-size-sm\" href=\"https:\/\/www-test.idearespa.eu\/fr\/demo\/\">\n\t\t\t\t\t\t<span class=\"elementor-button-content-wrapper\">\n\t\t\t\t\t\t<span class=\"elementor-button-icon\">\n\t\t\t\t<i aria-hidden=\"true\" class=\"fas fa-long-arrow-alt-right\"><\/i>\t\t\t<\/span>\n\t\t\t\t\t\t\t\t\t<span class=\"elementor-button-text\">Demander une d\u00e9monstration<\/span>\n\t\t\t\t\t<\/span>\n\t\t\t\t\t<\/a>\n\t\t\t\t<\/div>\n\t\t\t\t\t\t\t\t<\/div>\n\t\t\t\t<\/div>\n\t\t\t\t<\/div>\n\t\t<div class=\"elementor-element elementor-element-4cdc2bc9 e-con-full e-flex e-con e-child\" data-id=\"4cdc2bc9\" data-element_type=\"container\">\n\t\t\t\t<div class=\"elementor-element elementor-element-1a20bffe elementor-widget elementor-widget-image\" data-id=\"1a20bffe\" data-element_type=\"widget\" data-widget_type=\"image.default\">\n\t\t\t\t<div class=\"elementor-widget-container\">\n\t\t\t\t\t\t\t\t\t\t\t\t\t\t\t<img fetchpriority=\"high\" decoding=\"async\" width=\"600\" height=\"400\" src=\"https:\/\/www-test.idearespa.eu\/wp-content\/uploads\/2025\/08\/08-ideare-tefgenius-laptop-02.png\" class=\"attachment-large size-large wp-image-7126\" alt=\"Schermata REFGenius su PC: voicebot AI e ticketing integrati in REFTree per gestione immobiliare 24\/7\" srcset=\"https:\/\/www-test.idearespa.eu\/wp-content\/uploads\/2025\/08\/08-ideare-tefgenius-laptop-02.png 600w, https:\/\/www-test.idearespa.eu\/wp-content\/uploads\/2025\/08\/08-ideare-tefgenius-laptop-02-300x200.png 300w, https:\/\/www-test.idearespa.eu\/wp-content\/uploads\/2025\/08\/08-ideare-tefgenius-laptop-02-18x12.png 18w\" sizes=\"(max-width: 600px) 100vw, 600px\" \/>\t\t\t\t\t\t\t\t\t\t\t\t\t\t\t<\/div>\n\t\t\t\t<\/div>\n\t\t\t\t<\/div>\n\t\t\t\t<\/div>\n\t\t\t\t\t<\/div>\n\t\t\t\t<\/div>\n\t\t<div class=\"elementor-element elementor-element-8177cef e-flex e-con-boxed e-con e-child\" data-id=\"8177cef\" data-element_type=\"container\">\n\t\t\t\t\t<div class=\"e-con-inner\">\n\t\t<div class=\"elementor-element elementor-element-e4ce484 e-con-full e-flex e-con e-child\" data-id=\"e4ce484\" data-element_type=\"container\">\n\t\t<div class=\"elementor-element elementor-element-4c15ae5 e-con-full e-flex e-con e-child\" data-id=\"4c15ae5\" data-element_type=\"container\">\n\t\t<div class=\"elementor-element elementor-element-b5db3e3 e-con-full e-flex e-con e-child\" data-id=\"b5db3e3\" data-element_type=\"container\">\n\t\t\t\t<div class=\"elementor-element elementor-element-08bb35e elementor-widget elementor-widget-heading\" data-id=\"08bb35e\" data-element_type=\"widget\" data-widget_type=\"heading.default\">\n\t\t\t\t<div class=\"elementor-widget-container\">\n\t\t\t\t\t<h2 class=\"elementor-heading-title elementor-size-default\">Assistance automatis\u00e9e et tra\u00e7able<\/h2>\t\t\t\t<\/div>\n\t\t\t\t<\/div>\n\t\t\t\t<div class=\"elementor-element elementor-element-81f1fc7 elementor-widget elementor-widget-text-editor\" data-id=\"81f1fc7\" data-element_type=\"widget\" data-widget_type=\"text-editor.default\">\n\t\t\t\t<div class=\"elementor-widget-container\">\n\t\t\t\t\t\t\t\t\t<p>Gr\u00e2ce \u00e0 l'int\u00e9gration de l'intelligence artificielle, des voicebots et des syst\u00e8mes de suivi, <strong>automatise le processus de gestion des tickets et am\u00e9liore la qualit\u00e9 du service offert aux locataires, aux utilisateurs ou aux techniciens.<\/strong><br \/>Chaque demande est enregistr\u00e9e, trait\u00e9e et archiv\u00e9e dans REFTree, garantissant ainsi la continuit\u00e9 et la transparence op\u00e9rationnelles.<\/p>\t\t\t\t\t\t\t\t<\/div>\n\t\t\t\t<\/div>\n\t\t\t\t<\/div>\n\t\t\t\t<\/div>\n\t\t\t\t<\/div>\n\t\t<div class=\"elementor-element elementor-element-36dc457 e-con-full e-flex e-con e-child\" data-id=\"36dc457\" data-element_type=\"container\">\n\t\t\t\t<div class=\"elementor-element elementor-element-426e396 elementor-widget elementor-widget-image\" data-id=\"426e396\" data-element_type=\"widget\" data-widget_type=\"image.default\">\n\t\t\t\t<div class=\"elementor-widget-container\">\n\t\t\t\t\t\t\t\t\t\t\t\t\t\t\t<img decoding=\"async\" width=\"610\" height=\"563\" src=\"https:\/\/www-test.idearespa.eu\/wp-content\/uploads\/2025\/08\/ideare-reftree-app-mockup-dashboard-real-estate-management.png\" class=\"attachment-large size-large wp-image-5791\" alt=\"Mockup dell\u2019app REFTree: dashboard per la gestione immobiliare.\" srcset=\"https:\/\/www-test.idearespa.eu\/wp-content\/uploads\/2025\/08\/ideare-reftree-app-mockup-dashboard-real-estate-management.png 610w, https:\/\/www-test.idearespa.eu\/wp-content\/uploads\/2025\/08\/ideare-reftree-app-mockup-dashboard-real-estate-management-300x277.png 300w, https:\/\/www-test.idearespa.eu\/wp-content\/uploads\/2025\/08\/ideare-reftree-app-mockup-dashboard-real-estate-management-13x12.png 13w\" sizes=\"(max-width: 610px) 100vw, 610px\" \/>\t\t\t\t\t\t\t\t\t\t\t\t\t\t\t<\/div>\n\t\t\t\t<\/div>\n\t\t\t\t<\/div>\n\t\t\t\t\t<\/div>\n\t\t\t\t<\/div>\n\t\t<div class=\"elementor-element elementor-element-ca3023c e-con-full e-flex e-con e-child\" data-id=\"ca3023c\" data-element_type=\"container\">\n\t\t<div class=\"elementor-element elementor-element-af6a5f8 e-con-full e-flex e-con e-child\" data-id=\"af6a5f8\" data-element_type=\"container\">\n\t\t<div class=\"elementor-element elementor-element-fb86c53 e-con-full e-flex e-con e-child\" data-id=\"fb86c53\" data-element_type=\"container\">\n\t\t\t\t<div class=\"elementor-element elementor-element-ef0e797 elementor-widget elementor-widget-heading\" data-id=\"ef0e797\" data-element_type=\"widget\" data-widget_type=\"heading.default\">\n\t\t\t\t<div class=\"elementor-widget-container\">\n\t\t\t\t\t<h2 class=\"elementor-heading-title elementor-size-default\">Caract\u00e9ristiques et cas d'utilisation<\/h2>\t\t\t\t<\/div>\n\t\t\t\t<\/div>\n\t\t\t\t<\/div>\n\t\t\t\t<\/div>\n\t\t\t\t<\/div>\n\t\t<div class=\"elementor-element elementor-element-b1ca592 e-flex e-con-boxed e-con e-child\" data-id=\"b1ca592\" data-element_type=\"container\">\n\t\t\t\t\t<div class=\"e-con-inner\">\n\t\t<div class=\"elementor-element elementor-element-ef46626 e-con-full ombra-cards e-flex e-con e-child\" data-id=\"ef46626\" data-element_type=\"container\" data-settings=\"{&quot;background_background&quot;:&quot;classic&quot;}\">\n\t\t<div class=\"elementor-element elementor-element-db77194 e-con-full e-flex e-con e-child\" data-id=\"db77194\" data-element_type=\"container\">\n\t\t\t\t<div class=\"elementor-element elementor-element-1b3eaa5 elementor-widget elementor-widget-heading\" data-id=\"1b3eaa5\" data-element_type=\"widget\" data-widget_type=\"heading.default\">\n\t\t\t\t<div class=\"elementor-widget-container\">\n\t\t\t\t\t<h2 class=\"elementor-heading-title elementor-size-default\">Fonctionnalit\u00e9s cl\u00e9s<\/h2>\t\t\t\t<\/div>\n\t\t\t\t<\/div>\n\t\t\t\t<div class=\"elementor-element elementor-element-cf86c05 elementor-widget-divider--view-line elementor-widget elementor-widget-divider\" data-id=\"cf86c05\" data-element_type=\"widget\" data-widget_type=\"divider.default\">\n\t\t\t\t<div class=\"elementor-widget-container\">\n\t\t\t\t\t\t\t<div class=\"elementor-divider\">\n\t\t\t<span class=\"elementor-divider-separator\">\n\t\t\t\t\t\t<\/span>\n\t\t<\/div>\n\t\t\t\t\t\t<\/div>\n\t\t\t\t<\/div>\n\t\t\t\t<div class=\"elementor-element elementor-element-ad0022d elementor-icon-list--layout-traditional elementor-list-item-link-full_width elementor-widget elementor-widget-icon-list\" data-id=\"ad0022d\" data-element_type=\"widget\" data-widget_type=\"icon-list.default\">\n\t\t\t\t<div class=\"elementor-widget-container\">\n\t\t\t\t\t\t\t<ul class=\"elementor-icon-list-items\">\n\t\t\t\t\t\t\t<li class=\"elementor-icon-list-item\">\n\t\t\t\t\t\t\t\t\t\t\t<span class=\"elementor-icon-list-icon\">\n\t\t\t\t\t\t\t<i aria-hidden=\"true\" class=\"fas fa-check\"><\/i>\t\t\t\t\t\t<\/span>\n\t\t\t\t\t\t\t\t\t\t<span class=\"elementor-icon-list-text\"> <strong>Automatisation<\/strong> d'appels et <strong>billetterie<\/strong>. <\/span>\n\t\t\t\t\t\t\t\t\t<\/li>\n\t\t\t\t\t\t\t\t<li class=\"elementor-icon-list-item\">\n\t\t\t\t\t\t\t\t\t\t\t<span class=\"elementor-icon-list-icon\">\n\t\t\t\t\t\t\t<i aria-hidden=\"true\" class=\"fas fa-check\"><\/i>\t\t\t\t\t\t<\/span>\n\t\t\t\t\t\t\t\t\t\t<span class=\"elementor-icon-list-text\"> <strong>Voicebot multilingue<\/strong> (<strong>TTS\/STT<\/strong>) et <strong>LLM<\/strong> de domaine.<\/span>\n\t\t\t\t\t\t\t\t\t<\/li>\n\t\t\t\t\t\t\t\t<li class=\"elementor-icon-list-item\">\n\t\t\t\t\t\t\t\t\t\t\t<span class=\"elementor-icon-list-icon\">\n\t\t\t\t\t\t\t<i aria-hidden=\"true\" class=\"fas fa-check\"><\/i>\t\t\t\t\t\t<\/span>\n\t\t\t\t\t\t\t\t\t\t<span class=\"elementor-icon-list-text\"> <strong>Routage automatique<\/strong> vers les formulaires <strong>Arbre de r\u00e9f\u00e9rence<\/strong>.<\/span>\n\t\t\t\t\t\t\t\t\t<\/li>\n\t\t\t\t\t\t\t\t<li class=\"elementor-icon-list-item\">\n\t\t\t\t\t\t\t\t\t\t\t<span class=\"elementor-icon-list-icon\">\n\t\t\t\t\t\t\t<i aria-hidden=\"true\" class=\"fas fa-check\"><\/i>\t\t\t\t\t\t<\/span>\n\t\t\t\t\t\t\t\t\t\t<span class=\"elementor-icon-list-text\"> <strong>Reconnaissance de l'utilisateur<\/strong> et historique des interactions.<\/span>\n\t\t\t\t\t\t\t\t\t<\/li>\n\t\t\t\t\t\t\t\t<li class=\"elementor-icon-list-item\">\n\t\t\t\t\t\t\t\t\t\t\t<span class=\"elementor-icon-list-icon\">\n\t\t\t\t\t\t\t<i aria-hidden=\"true\" class=\"fas fa-check\"><\/i>\t\t\t\t\t\t<\/span>\n\t\t\t\t\t\t\t\t\t\t<span class=\"elementor-icon-list-text\"> <strong>SLA<\/strong>, priorit\u00e9s et <strong>escalade<\/strong> intelligents.<\/span>\n\t\t\t\t\t\t\t\t\t<\/li>\n\t\t\t\t\t\t\t\t<li class=\"elementor-icon-list-item\">\n\t\t\t\t\t\t\t\t\t\t\t<span class=\"elementor-icon-list-icon\">\n\t\t\t\t\t\t\t<i aria-hidden=\"true\" class=\"fas fa-check\"><\/i>\t\t\t\t\t\t<\/span>\n\t\t\t\t\t\t\t\t\t\t<span class=\"elementor-icon-list-text\"> <strong>Log<\/strong> complets et <strong>piste d'audit<\/strong> pour <strong>conformit\u00e9<\/strong>.<\/span>\n\t\t\t\t\t\t\t\t\t<\/li>\n\t\t\t\t\t\t<\/ul>\n\t\t\t\t\t\t<\/div>\n\t\t\t\t<\/div>\n\t\t\t\t<\/div>\n\t\t\t\t<\/div>\n\t\t<div class=\"elementor-element elementor-element-4147151 e-con-full ombra-cards e-flex e-con e-child\" data-id=\"4147151\" data-element_type=\"container\" data-settings=\"{&quot;background_background&quot;:&quot;classic&quot;}\">\n\t\t<div class=\"elementor-element elementor-element-9cc8f46 e-con-full e-flex e-con e-child\" data-id=\"9cc8f46\" data-element_type=\"container\">\n\t\t\t\t<div class=\"elementor-element elementor-element-837b7ab elementor-widget elementor-widget-heading\" data-id=\"837b7ab\" data-element_type=\"widget\" data-widget_type=\"heading.default\">\n\t\t\t\t<div class=\"elementor-widget-container\">\n\t\t\t\t\t<h2 class=\"elementor-heading-title elementor-size-default\">Quand l'utiliser<\/h2>\t\t\t\t<\/div>\n\t\t\t\t<\/div>\n\t\t\t\t<div class=\"elementor-element elementor-element-3ffed5b elementor-widget-divider--view-line elementor-widget elementor-widget-divider\" data-id=\"3ffed5b\" data-element_type=\"widget\" data-widget_type=\"divider.default\">\n\t\t\t\t<div class=\"elementor-widget-container\">\n\t\t\t\t\t\t\t<div class=\"elementor-divider\">\n\t\t\t<span class=\"elementor-divider-separator\">\n\t\t\t\t\t\t<\/span>\n\t\t<\/div>\n\t\t\t\t\t\t<\/div>\n\t\t\t\t<\/div>\n\t\t\t\t<div class=\"elementor-element elementor-element-f29a63d elementor-icon-list--layout-traditional elementor-list-item-link-full_width elementor-widget elementor-widget-icon-list\" data-id=\"f29a63d\" data-element_type=\"widget\" data-widget_type=\"icon-list.default\">\n\t\t\t\t<div class=\"elementor-widget-container\">\n\t\t\t\t\t\t\t<ul class=\"elementor-icon-list-items\">\n\t\t\t\t\t\t\t<li class=\"elementor-icon-list-item\">\n\t\t\t\t\t\t\t\t\t\t\t<span class=\"elementor-icon-list-icon\">\n\t\t\t\t\t\t\t<i aria-hidden=\"true\" class=\"fas fa-check\"><\/i>\t\t\t\t\t\t<\/span>\n\t\t\t\t\t\t\t\t\t\t<span class=\"elementor-icon-list-text\"> <strong>Signalement de pannes<\/strong> et assistance technique.<\/span>\n\t\t\t\t\t\t\t\t\t<\/li>\n\t\t\t\t\t\t\t\t<li class=\"elementor-icon-list-item\">\n\t\t\t\t\t\t\t\t\t\t\t<span class=\"elementor-icon-list-icon\">\n\t\t\t\t\t\t\t<i aria-hidden=\"true\" class=\"fas fa-check\"><\/i>\t\t\t\t\t\t<\/span>\n\t\t\t\t\t\t\t\t\t\t<span class=\"elementor-icon-list-text\"> <strong>Guichet virtuel<\/strong> 24 heures sur 24 pour les administrations et les locataires.<\/span>\n\t\t\t\t\t\t\t\t\t<\/li>\n\t\t\t\t\t\t\t\t<li class=\"elementor-icon-list-item\">\n\t\t\t\t\t\t\t\t\t\t\t<span class=\"elementor-icon-list-icon\">\n\t\t\t\t\t\t\t<i aria-hidden=\"true\" class=\"fas fa-check\"><\/i>\t\t\t\t\t\t<\/span>\n\t\t\t\t\t\t\t\t\t\t<span class=\"elementor-icon-list-text\"> <strong>Suivi automatique<\/strong> e <strong>rappel<\/strong> sur ticket.<\/span>\n\t\t\t\t\t\t\t\t\t<\/li>\n\t\t\t\t\t\t\t\t<li class=\"elementor-icon-list-item\">\n\t\t\t\t\t\t\t\t\t\t\t<span class=\"elementor-icon-list-icon\">\n\t\t\t\t\t\t\t<i aria-hidden=\"true\" class=\"fas fa-check\"><\/i>\t\t\t\t\t\t<\/span>\n\t\t\t\t\t\t\t\t\t\t<span class=\"elementor-icon-list-text\"> <strong>Communications de masse<\/strong> et campagnes d'information.<\/span>\n\t\t\t\t\t\t\t\t\t<\/li>\n\t\t\t\t\t\t<\/ul>\n\t\t\t\t\t\t<\/div>\n\t\t\t\t<\/div>\n\t\t\t\t<\/div>\n\t\t\t\t<\/div>\n\t\t\t\t\t<\/div>\n\t\t\t\t<\/div>\n\t\t<div class=\"elementor-element elementor-element-d099261 e-con-full e-flex e-con e-child\" data-id=\"d099261\" data-element_type=\"container\">\n\t\t<div class=\"elementor-element elementor-element-1c694aa e-flex e-con-boxed e-con e-child\" data-id=\"1c694aa\" data-element_type=\"container\">\n\t\t\t\t\t<div class=\"e-con-inner\">\n\t\t<div class=\"elementor-element elementor-element-31ce1df e-con-full e-flex e-con e-child\" data-id=\"31ce1df\" data-element_type=\"container\" data-settings=\"{&quot;background_background&quot;:&quot;classic&quot;}\">\n\t\t<div class=\"elementor-element elementor-element-2b843c0 e-con-full e-flex e-con e-child\" data-id=\"2b843c0\" data-element_type=\"container\">\n\t\t\t\t<div class=\"elementor-element elementor-element-d4c1b79 elementor-widget elementor-widget-heading\" data-id=\"d4c1b79\" data-element_type=\"widget\" data-widget_type=\"heading.default\">\n\t\t\t\t<div class=\"elementor-widget-container\">\n\t\t\t\t\t<h2 class=\"elementor-heading-title elementor-size-default\">Transformez les signalements en processus \u00e9volutifs<\/h2>\t\t\t\t<\/div>\n\t\t\t\t<\/div>\n\t\t\t\t<div class=\"elementor-element elementor-element-874536c elementor-tablet-align-justify elementor-align-justify elementor-widget__width-auto elementor-widget-mobile__width-inherit elementor-widget elementor-widget-button\" data-id=\"874536c\" data-element_type=\"widget\" data-widget_type=\"button.default\">\n\t\t\t\t<div class=\"elementor-widget-container\">\n\t\t\t\t\t\t\t\t\t<div class=\"elementor-button-wrapper\">\n\t\t\t\t\t<a class=\"elementor-button elementor-button-link elementor-size-sm\" href=\"https:\/\/www-test.idearespa.eu\/fr\/demo\/\">\n\t\t\t\t\t\t<span class=\"elementor-button-content-wrapper\">\n\t\t\t\t\t\t<span class=\"elementor-button-icon\">\n\t\t\t\t<i aria-hidden=\"true\" class=\"fas fa-laptop-code\"><\/i>\t\t\t<\/span>\n\t\t\t\t\t\t\t\t\t<span class=\"elementor-button-text\">Demander une d\u00e9monstration<\/span>\n\t\t\t\t\t<\/span>\n\t\t\t\t\t<\/a>\n\t\t\t\t<\/div>\n\t\t\t\t\t\t\t\t<\/div>\n\t\t\t\t<\/div>\n\t\t\t\t<\/div>\n\t\t<div class=\"elementor-element elementor-element-dcb744d e-con-full e-flex e-con e-child\" data-id=\"dcb744d\" data-element_type=\"container\">\n\t\t\t\t<\/div>\n\t\t\t\t<\/div>\n\t\t\t\t\t<\/div>\n\t\t\t\t<\/div>\n\t\t\t\t<\/div>\n\t\t\t\t<\/div>","protected":false},"excerpt":{"rendered":"<p>REFGenius Gestion automatis\u00e9e des rapports et des demandes REFGenius est le syst\u00e8me intelligent de r\u00e9ception, d'organisation et de r\u00e9ponse aux rapports li\u00e9s \u00e0 la propri\u00e9t\u00e9. Demander une d\u00e9mo Assistance automatis\u00e9e et tra\u00e7able Gr\u00e2ce \u00e0 l'int\u00e9gration de l'intelligence artificielle, des voicebots et des syst\u00e8mes de tracking, il automatise le processus de ticketing et am\u00e9liore la qualit\u00e9 du service offert aux locataires, utilisateurs ou [...]<\/p>","protected":false},"author":8,"featured_media":0,"parent":6577,"menu_order":0,"comment_status":"closed","ping_status":"closed","template":"","meta":{"footnotes":""},"class_list":["post-6747","page","type-page","status-publish","hentry"],"_links":{"self":[{"href":"https:\/\/www-test.idearespa.eu\/fr\/wp-json\/wp\/v2\/pages\/6747","targetHints":{"allow":["GET"]}}],"collection":[{"href":"https:\/\/www-test.idearespa.eu\/fr\/wp-json\/wp\/v2\/pages"}],"about":[{"href":"https:\/\/www-test.idearespa.eu\/fr\/wp-json\/wp\/v2\/types\/page"}],"author":[{"embeddable":true,"href":"https:\/\/www-test.idearespa.eu\/fr\/wp-json\/wp\/v2\/users\/8"}],"replies":[{"embeddable":true,"href":"https:\/\/www-test.idearespa.eu\/fr\/wp-json\/wp\/v2\/comments?post=6747"}],"version-history":[{"count":29,"href":"https:\/\/www-test.idearespa.eu\/fr\/wp-json\/wp\/v2\/pages\/6747\/revisions"}],"predecessor-version":[{"id":7657,"href":"https:\/\/www-test.idearespa.eu\/fr\/wp-json\/wp\/v2\/pages\/6747\/revisions\/7657"}],"up":[{"embeddable":true,"href":"https:\/\/www-test.idearespa.eu\/fr\/wp-json\/wp\/v2\/pages\/6577"}],"wp:attachment":[{"href":"https:\/\/www-test.idearespa.eu\/fr\/wp-json\/wp\/v2\/media?parent=6747"}],"curies":[{"name":"wp","href":"https:\/\/api.w.org\/{rel}","templated":true}]}}