{"id":6756,"date":"2025-08-21T17:22:04","date_gmt":"2025-08-21T15:22:04","guid":{"rendered":"https:\/\/www-test.idearespa.eu\/?page_id=6756"},"modified":"2025-09-04T17:29:44","modified_gmt":"2025-09-04T15:29:44","slug":"app-inquilini","status":"publish","type":"page","link":"https:\/\/www-test.idearespa.eu\/fr\/soluzioni\/app-inquilini\/","title":{"rendered":"01-4-D\u00e9tail des pages : Appels des locataires"},"content":{"rendered":"<div data-elementor-type=\"wp-page\" data-elementor-id=\"6756\" class=\"elementor elementor-6756\" data-elementor-post-type=\"page\">\n\t\t\t\t<div class=\"elementor-element elementor-element-17f57cec e-flex e-con-boxed e-con e-child\" data-id=\"17f57cec\" data-element_type=\"container\" data-settings=\"{&quot;background_background&quot;:&quot;classic&quot;}\">\n\t\t\t\t\t<div class=\"e-con-inner\">\n\t\t<div class=\"elementor-element elementor-element-43d123ef e-con-full e-flex e-con e-child\" data-id=\"43d123ef\" data-element_type=\"container\">\n\t\t<div class=\"elementor-element elementor-element-3d999d49 e-con-full e-flex e-con e-child\" data-id=\"3d999d49\" data-element_type=\"container\">\n\t\t\t\t<div class=\"elementor-element elementor-element-168bd480 elementor-widget elementor-widget-heading\" data-id=\"168bd480\" data-element_type=\"widget\" data-widget_type=\"heading.default\">\n\t\t\t\t<div class=\"elementor-widget-container\">\n\t\t\t\t\t<h2 class=\"elementor-heading-title elementor-size-default\">Application pour les locataires<\/h2>\t\t\t\t<\/div>\n\t\t\t\t<\/div>\n\t\t\t\t<div class=\"elementor-element elementor-element-54bbd76 elementor-widget elementor-widget-heading\" data-id=\"54bbd76\" data-element_type=\"widget\" data-widget_type=\"heading.default\">\n\t\t\t\t<div class=\"elementor-widget-container\">\n\t\t\t\t\t<h1 class=\"elementor-heading-title elementor-size-default\">Le point de contact num\u00e9rique avec le locataire<\/h1>\t\t\t\t<\/div>\n\t\t\t\t<\/div>\n\t\t\t\t<div class=\"elementor-element elementor-element-2fa0aaf9 elementor-widget elementor-widget-text-editor\" data-id=\"2fa0aaf9\" data-element_type=\"widget\" data-widget_type=\"text-editor.default\">\n\t\t\t\t<div class=\"elementor-widget-container\">\n\t\t\t\t\t\t\t\t\t<p>L'application Locataires am\u00e9liore la relation entre le gestionnaire et le locataire en offrant un service d'aide \u00e0 la d\u00e9cision. <strong>compteur num\u00e9rique pour les communications, les rapports, les demandes et la documentation.<\/strong><\/p>\t\t\t\t\t\t\t\t<\/div>\n\t\t\t\t<\/div>\n\t\t\t\t<div class=\"elementor-element elementor-element-7e2d42ef elementor-tablet-align-justify elementor-align-justify elementor-widget__width-initial elementor-widget elementor-widget-button\" data-id=\"7e2d42ef\" data-element_type=\"widget\" data-widget_type=\"button.default\">\n\t\t\t\t<div class=\"elementor-widget-container\">\n\t\t\t\t\t\t\t\t\t<div class=\"elementor-button-wrapper\">\n\t\t\t\t\t<a class=\"elementor-button elementor-button-link elementor-size-sm\" href=\"https:\/\/www-test.idearespa.eu\/fr\/demo\/\">\n\t\t\t\t\t\t<span class=\"elementor-button-content-wrapper\">\n\t\t\t\t\t\t<span class=\"elementor-button-icon\">\n\t\t\t\t<i aria-hidden=\"true\" class=\"fas fa-long-arrow-alt-right\"><\/i>\t\t\t<\/span>\n\t\t\t\t\t\t\t\t\t<span class=\"elementor-button-text\">Demander une d\u00e9monstration<\/span>\n\t\t\t\t\t<\/span>\n\t\t\t\t\t<\/a>\n\t\t\t\t<\/div>\n\t\t\t\t\t\t\t\t<\/div>\n\t\t\t\t<\/div>\n\t\t\t\t<\/div>\n\t\t<div class=\"elementor-element elementor-element-4cdc2bc9 e-con-full e-flex e-con e-child\" data-id=\"4cdc2bc9\" data-element_type=\"container\">\n\t\t\t\t<div class=\"elementor-element elementor-element-1a20bffe elementor-widget elementor-widget-image\" data-id=\"1a20bffe\" data-element_type=\"widget\" data-widget_type=\"image.default\">\n\t\t\t\t<div class=\"elementor-widget-container\">\n\t\t\t\t\t\t\t\t\t\t\t\t\t\t\t<img fetchpriority=\"high\" decoding=\"async\" width=\"600\" height=\"600\" src=\"https:\/\/www-test.idearespa.eu\/wp-content\/uploads\/2025\/08\/02-ideare-reftree-mobile-app-inquilini.png\" class=\"attachment-large size-large wp-image-6966\" alt=\"\" srcset=\"https:\/\/www-test.idearespa.eu\/wp-content\/uploads\/2025\/08\/02-ideare-reftree-mobile-app-inquilini.png 600w, https:\/\/www-test.idearespa.eu\/wp-content\/uploads\/2025\/08\/02-ideare-reftree-mobile-app-inquilini-300x300.png 300w, https:\/\/www-test.idearespa.eu\/wp-content\/uploads\/2025\/08\/02-ideare-reftree-mobile-app-inquilini-150x150.png 150w, https:\/\/www-test.idearespa.eu\/wp-content\/uploads\/2025\/08\/02-ideare-reftree-mobile-app-inquilini-12x12.png 12w\" sizes=\"(max-width: 600px) 100vw, 600px\" \/>\t\t\t\t\t\t\t\t\t\t\t\t\t\t\t<\/div>\n\t\t\t\t<\/div>\n\t\t\t\t<\/div>\n\t\t\t\t<\/div>\n\t\t\t\t\t<\/div>\n\t\t\t\t<\/div>\n\t\t<div class=\"elementor-element elementor-element-8177cef e-flex e-con-boxed e-con e-child\" data-id=\"8177cef\" data-element_type=\"container\">\n\t\t\t\t\t<div class=\"e-con-inner\">\n\t\t<div class=\"elementor-element elementor-element-e4ce484 e-con-full e-flex e-con e-child\" data-id=\"e4ce484\" data-element_type=\"container\">\n\t\t<div class=\"elementor-element elementor-element-4c15ae5 e-con-full e-flex e-con e-child\" data-id=\"4c15ae5\" data-element_type=\"container\">\n\t\t<div class=\"elementor-element elementor-element-b5db3e3 e-con-full e-flex e-con e-child\" data-id=\"b5db3e3\" data-element_type=\"container\">\n\t\t\t\t<div class=\"elementor-element elementor-element-08bb35e elementor-widget elementor-widget-heading\" data-id=\"08bb35e\" data-element_type=\"widget\" data-widget_type=\"heading.default\">\n\t\t\t\t<div class=\"elementor-widget-container\">\n\t\t\t\t\t<h2 class=\"elementor-heading-title elementor-size-default\">Rapports transparents, gestion centralis\u00e9e<\/h2>\t\t\t\t<\/div>\n\t\t\t\t<\/div>\n\t\t\t\t<div class=\"elementor-element elementor-element-81f1fc7 elementor-widget elementor-widget-text-editor\" data-id=\"81f1fc7\" data-element_type=\"widget\" data-widget_type=\"text-editor.default\">\n\t\t\t\t<div class=\"elementor-widget-container\">\n\t\t\t\t\t\t\t\t\t<p>Con\u00e7ue pour simplifier la gestion quotidienne des logements sociaux, l'application<strong> r\u00e9duit les d\u00e9lais de r\u00e9ponse et am\u00e9liore la qualit\u00e9 du service de logement.<\/strong><br \/>Gr\u00e2ce \u00e0 l'int\u00e9gration avec REFTree, toutes les informations sont toujours \u00e0 jour, accessibles et g\u00e9r\u00e9es de mani\u00e8re centralis\u00e9e.<\/p>\t\t\t\t\t\t\t\t<\/div>\n\t\t\t\t<\/div>\n\t\t\t\t<\/div>\n\t\t\t\t<\/div>\n\t\t\t\t<\/div>\n\t\t<div class=\"elementor-element elementor-element-36dc457 e-con-full e-flex e-con e-child\" data-id=\"36dc457\" data-element_type=\"container\">\n\t\t\t\t<div class=\"elementor-element elementor-element-426e396 elementor-widget elementor-widget-image\" data-id=\"426e396\" data-element_type=\"widget\" data-widget_type=\"image.default\">\n\t\t\t\t<div class=\"elementor-widget-container\">\n\t\t\t\t\t\t\t\t\t\t\t\t\t\t\t<img decoding=\"async\" width=\"600\" height=\"471\" src=\"https:\/\/www-test.idearespa.eu\/wp-content\/uploads\/2025\/08\/02-ideare-reftree-mobile-app-inquilini-02.png\" class=\"attachment-large size-large wp-image-6967\" alt=\"\" srcset=\"https:\/\/www-test.idearespa.eu\/wp-content\/uploads\/2025\/08\/02-ideare-reftree-mobile-app-inquilini-02.png 600w, https:\/\/www-test.idearespa.eu\/wp-content\/uploads\/2025\/08\/02-ideare-reftree-mobile-app-inquilini-02-300x236.png 300w, https:\/\/www-test.idearespa.eu\/wp-content\/uploads\/2025\/08\/02-ideare-reftree-mobile-app-inquilini-02-15x12.png 15w\" sizes=\"(max-width: 600px) 100vw, 600px\" \/>\t\t\t\t\t\t\t\t\t\t\t\t\t\t\t<\/div>\n\t\t\t\t<\/div>\n\t\t\t\t<\/div>\n\t\t\t\t\t<\/div>\n\t\t\t\t<\/div>\n\t\t<div class=\"elementor-element elementor-element-ca3023c e-con-full e-flex e-con e-child\" data-id=\"ca3023c\" data-element_type=\"container\">\n\t\t<div class=\"elementor-element elementor-element-af6a5f8 e-con-full e-flex e-con e-child\" data-id=\"af6a5f8\" data-element_type=\"container\">\n\t\t<div class=\"elementor-element elementor-element-fb86c53 e-con-full e-flex e-con e-child\" data-id=\"fb86c53\" data-element_type=\"container\">\n\t\t\t\t<div class=\"elementor-element elementor-element-ef0e797 elementor-widget elementor-widget-heading\" data-id=\"ef0e797\" data-element_type=\"widget\" data-widget_type=\"heading.default\">\n\t\t\t\t<div class=\"elementor-widget-container\">\n\t\t\t\t\t<h2 class=\"elementor-heading-title elementor-size-default\">Caract\u00e9ristiques et cas d'utilisation<\/h2>\t\t\t\t<\/div>\n\t\t\t\t<\/div>\n\t\t\t\t<\/div>\n\t\t\t\t<\/div>\n\t\t\t\t<\/div>\n\t\t<div class=\"elementor-element elementor-element-b1ca592 e-flex e-con-boxed e-con e-child\" data-id=\"b1ca592\" data-element_type=\"container\">\n\t\t\t\t\t<div class=\"e-con-inner\">\n\t\t<div class=\"elementor-element elementor-element-ef46626 e-con-full ombra-cards e-flex e-con e-child\" data-id=\"ef46626\" data-element_type=\"container\" data-settings=\"{&quot;background_background&quot;:&quot;classic&quot;}\">\n\t\t<div class=\"elementor-element elementor-element-db77194 e-con-full e-flex e-con e-child\" data-id=\"db77194\" data-element_type=\"container\">\n\t\t\t\t<div class=\"elementor-element elementor-element-1b3eaa5 elementor-widget elementor-widget-heading\" data-id=\"1b3eaa5\" data-element_type=\"widget\" data-widget_type=\"heading.default\">\n\t\t\t\t<div class=\"elementor-widget-container\">\n\t\t\t\t\t<h2 class=\"elementor-heading-title elementor-size-default\">Fonctionnalit\u00e9s cl\u00e9s<\/h2>\t\t\t\t<\/div>\n\t\t\t\t<\/div>\n\t\t\t\t<div class=\"elementor-element elementor-element-cf86c05 elementor-widget-divider--view-line elementor-widget elementor-widget-divider\" data-id=\"cf86c05\" data-element_type=\"widget\" data-widget_type=\"divider.default\">\n\t\t\t\t<div class=\"elementor-widget-container\">\n\t\t\t\t\t\t\t<div class=\"elementor-divider\">\n\t\t\t<span class=\"elementor-divider-separator\">\n\t\t\t\t\t\t<\/span>\n\t\t<\/div>\n\t\t\t\t\t\t<\/div>\n\t\t\t\t<\/div>\n\t\t\t\t<div class=\"elementor-element elementor-element-ad0022d elementor-icon-list--layout-traditional elementor-list-item-link-full_width elementor-widget elementor-widget-icon-list\" data-id=\"ad0022d\" data-element_type=\"widget\" data-widget_type=\"icon-list.default\">\n\t\t\t\t<div class=\"elementor-widget-container\">\n\t\t\t\t\t\t\t<ul class=\"elementor-icon-list-items\">\n\t\t\t\t\t\t\t<li class=\"elementor-icon-list-item\">\n\t\t\t\t\t\t\t\t\t\t\t<span class=\"elementor-icon-list-icon\">\n\t\t\t\t\t\t\t<i aria-hidden=\"true\" class=\"fas fa-check\"><\/i>\t\t\t\t\t\t<\/span>\n\t\t\t\t\t\t\t\t\t\t<span class=\"elementor-icon-list-text\"><strong>Acc\u00e8s<\/strong> a <strong>contrats<\/strong>, <strong>documents<\/strong> e <strong>factures<\/strong>.<\/span>\n\t\t\t\t\t\t\t\t\t<\/li>\n\t\t\t\t\t\t\t\t<li class=\"elementor-icon-list-item\">\n\t\t\t\t\t\t\t\t\t\t\t<span class=\"elementor-icon-list-icon\">\n\t\t\t\t\t\t\t<i aria-hidden=\"true\" class=\"fas fa-check\"><\/i>\t\t\t\t\t\t<\/span>\n\t\t\t\t\t\t\t\t\t\t<span class=\"elementor-icon-list-text\"><strong>Envoi<\/strong> e <strong>contr\u00f4le des billets<\/strong>.<\/span>\n\t\t\t\t\t\t\t\t\t<\/li>\n\t\t\t\t\t\t\t\t<li class=\"elementor-icon-list-item\">\n\t\t\t\t\t\t\t\t\t\t\t<span class=\"elementor-icon-list-icon\">\n\t\t\t\t\t\t\t<i aria-hidden=\"true\" class=\"fas fa-check\"><\/i>\t\t\t\t\t\t<\/span>\n\t\t\t\t\t\t\t\t\t\t<span class=\"elementor-icon-list-text\"><strong>Pr\u00e9-billet<\/strong> avec <strong>photos<\/strong> et des descriptions.<\/span>\n\t\t\t\t\t\t\t\t\t<\/li>\n\t\t\t\t\t\t\t\t<li class=\"elementor-icon-list-item\">\n\t\t\t\t\t\t\t\t\t\t\t<span class=\"elementor-icon-list-icon\">\n\t\t\t\t\t\t\t<i aria-hidden=\"true\" class=\"fas fa-check\"><\/i>\t\t\t\t\t\t<\/span>\n\t\t\t\t\t\t\t\t\t\t<span class=\"elementor-icon-list-text\"><strong>Notifications push<\/strong> \u00e0 <strong>d\u00e9lais<\/strong> e <strong>mises \u00e0 jour<\/strong>.<\/span>\n\t\t\t\t\t\t\t\t\t<\/li>\n\t\t\t\t\t\t\t\t<li class=\"elementor-icon-list-item\">\n\t\t\t\t\t\t\t\t\t\t\t<span class=\"elementor-icon-list-icon\">\n\t\t\t\t\t\t\t<i aria-hidden=\"true\" class=\"fas fa-check\"><\/i>\t\t\t\t\t\t<\/span>\n\t\t\t\t\t\t\t\t\t\t<span class=\"elementor-icon-list-text\"><strong>Connexion s\u00e9curis\u00e9e<\/strong> (<strong>SPID<\/strong>\/autres authentifications).<\/span>\n\t\t\t\t\t\t\t\t\t<\/li>\n\t\t\t\t\t\t<\/ul>\n\t\t\t\t\t\t<\/div>\n\t\t\t\t<\/div>\n\t\t\t\t<\/div>\n\t\t\t\t<\/div>\n\t\t<div class=\"elementor-element elementor-element-4147151 e-con-full ombra-cards e-flex e-con e-child\" data-id=\"4147151\" data-element_type=\"container\" data-settings=\"{&quot;background_background&quot;:&quot;classic&quot;}\">\n\t\t<div class=\"elementor-element elementor-element-9cc8f46 e-con-full e-flex e-con e-child\" data-id=\"9cc8f46\" data-element_type=\"container\">\n\t\t\t\t<div class=\"elementor-element elementor-element-837b7ab elementor-widget elementor-widget-heading\" data-id=\"837b7ab\" data-element_type=\"widget\" data-widget_type=\"heading.default\">\n\t\t\t\t<div class=\"elementor-widget-container\">\n\t\t\t\t\t<h2 class=\"elementor-heading-title elementor-size-default\">Quand l'utiliser<\/h2>\t\t\t\t<\/div>\n\t\t\t\t<\/div>\n\t\t\t\t<div class=\"elementor-element elementor-element-3ffed5b elementor-widget-divider--view-line elementor-widget elementor-widget-divider\" data-id=\"3ffed5b\" data-element_type=\"widget\" data-widget_type=\"divider.default\">\n\t\t\t\t<div class=\"elementor-widget-container\">\n\t\t\t\t\t\t\t<div class=\"elementor-divider\">\n\t\t\t<span class=\"elementor-divider-separator\">\n\t\t\t\t\t\t<\/span>\n\t\t<\/div>\n\t\t\t\t\t\t<\/div>\n\t\t\t\t<\/div>\n\t\t\t\t<div class=\"elementor-element elementor-element-f29a63d elementor-icon-list--layout-traditional elementor-list-item-link-full_width elementor-widget elementor-widget-icon-list\" data-id=\"f29a63d\" data-element_type=\"widget\" data-widget_type=\"icon-list.default\">\n\t\t\t\t<div class=\"elementor-widget-container\">\n\t\t\t\t\t\t\t<ul class=\"elementor-icon-list-items\">\n\t\t\t\t\t\t\t<li class=\"elementor-icon-list-item\">\n\t\t\t\t\t\t\t\t\t\t\t<span class=\"elementor-icon-list-icon\">\n\t\t\t\t\t\t\t<i aria-hidden=\"true\" class=\"fas fa-check\"><\/i>\t\t\t\t\t\t<\/span>\n\t\t\t\t\t\t\t\t\t\t<span class=\"elementor-icon-list-text\"><strong>Gestion ERP<\/strong> e <strong>le logement social<\/strong>.<\/span>\n\t\t\t\t\t\t\t\t\t<\/li>\n\t\t\t\t\t\t\t\t<li class=\"elementor-icon-list-item\">\n\t\t\t\t\t\t\t\t\t\t\t<span class=\"elementor-icon-list-icon\">\n\t\t\t\t\t\t\t<i aria-hidden=\"true\" class=\"fas fa-check\"><\/i>\t\t\t\t\t\t<\/span>\n\t\t\t\t\t\t\t\t\t\t<span class=\"elementor-icon-list-text\"><strong>Communications administratives<\/strong> e <strong>techniques<\/strong>.<\/span>\n\t\t\t\t\t\t\t\t\t<\/li>\n\t\t\t\t\t\t\t\t<li class=\"elementor-icon-list-item\">\n\t\t\t\t\t\t\t\t\t\t\t<span class=\"elementor-icon-list-icon\">\n\t\t\t\t\t\t\t<i aria-hidden=\"true\" class=\"fas fa-check\"><\/i>\t\t\t\t\t\t<\/span>\n\t\t\t\t\t\t\t\t\t\t<span class=\"elementor-icon-list-text\"><strong>R\u00e9duction des appels<\/strong> a <strong>compteur<\/strong> et <strong>courriel<\/strong>.<\/span>\n\t\t\t\t\t\t\t\t\t<\/li>\n\t\t\t\t\t\t\t\t<li class=\"elementor-icon-list-item\">\n\t\t\t\t\t\t\t\t\t\t\t<span class=\"elementor-icon-list-icon\">\n\t\t\t\t\t\t\t<i aria-hidden=\"true\" class=\"fas fa-check\"><\/i>\t\t\t\t\t\t<\/span>\n\t\t\t\t\t\t\t\t\t\t<span class=\"elementor-icon-list-text\"><strong>Tra\u00e7abilit\u00e9<\/strong> de <strong>demandes<\/strong> avec <strong>SLA<\/strong>.<\/span>\n\t\t\t\t\t\t\t\t\t<\/li>\n\t\t\t\t\t\t<\/ul>\n\t\t\t\t\t\t<\/div>\n\t\t\t\t<\/div>\n\t\t\t\t<\/div>\n\t\t\t\t<\/div>\n\t\t\t\t\t<\/div>\n\t\t\t\t<\/div>\n\t\t<div class=\"elementor-element elementor-element-d099261 e-con-full e-flex e-con e-child\" data-id=\"d099261\" data-element_type=\"container\">\n\t\t<div class=\"elementor-element elementor-element-1c694aa e-flex e-con-boxed e-con e-child\" data-id=\"1c694aa\" data-element_type=\"container\">\n\t\t\t\t\t<div class=\"e-con-inner\">\n\t\t<div class=\"elementor-element elementor-element-31ce1df e-con-full e-flex e-con e-child\" data-id=\"31ce1df\" data-element_type=\"container\" data-settings=\"{&quot;background_background&quot;:&quot;classic&quot;}\">\n\t\t<div class=\"elementor-element elementor-element-2b843c0 e-con-full e-flex e-con e-child\" data-id=\"2b843c0\" data-element_type=\"container\">\n\t\t\t\t<div class=\"elementor-element elementor-element-d4c1b79 elementor-widget elementor-widget-heading\" data-id=\"d4c1b79\" data-element_type=\"widget\" data-widget_type=\"heading.default\">\n\t\t\t\t<div class=\"elementor-widget-container\">\n\t\t\t\t\t<h2 class=\"elementor-heading-title elementor-size-default\">Am\u00e9liorez l'exp\u00e9rience de vos locataires<\/h2>\t\t\t\t<\/div>\n\t\t\t\t<\/div>\n\t\t\t\t<div class=\"elementor-element elementor-element-874536c elementor-tablet-align-justify elementor-align-justify elementor-widget__width-auto elementor-widget-mobile__width-inherit elementor-widget elementor-widget-button\" data-id=\"874536c\" data-element_type=\"widget\" data-widget_type=\"button.default\">\n\t\t\t\t<div class=\"elementor-widget-container\">\n\t\t\t\t\t\t\t\t\t<div class=\"elementor-button-wrapper\">\n\t\t\t\t\t<a class=\"elementor-button elementor-button-link elementor-size-sm\" href=\"https:\/\/www-test.idearespa.eu\/fr\/demo\/\">\n\t\t\t\t\t\t<span class=\"elementor-button-content-wrapper\">\n\t\t\t\t\t\t<span class=\"elementor-button-icon\">\n\t\t\t\t<i aria-hidden=\"true\" class=\"fas fa-laptop-code\"><\/i>\t\t\t<\/span>\n\t\t\t\t\t\t\t\t\t<span class=\"elementor-button-text\">Demander une d\u00e9monstration<\/span>\n\t\t\t\t\t<\/span>\n\t\t\t\t\t<\/a>\n\t\t\t\t<\/div>\n\t\t\t\t\t\t\t\t<\/div>\n\t\t\t\t<\/div>\n\t\t\t\t<\/div>\n\t\t<div class=\"elementor-element elementor-element-dcb744d e-con-full e-flex e-con e-child\" data-id=\"dcb744d\" data-element_type=\"container\">\n\t\t\t\t<\/div>\n\t\t\t\t<\/div>\n\t\t\t\t\t<\/div>\n\t\t\t\t<\/div>\n\t\t\t\t<\/div>\n\t\t\t\t<\/div>","protected":false},"excerpt":{"rendered":"<p>App Inquilini Le point de contact num\u00e9rique avec le locataire L'application Inquilini am\u00e9liore la relation entre le gestionnaire et le locataire, en offrant un guichet num\u00e9rique pour les communications, les rapports, les demandes et la documentation. Demander une d\u00e9mo Relation transparente, gestion centralis\u00e9e Con\u00e7ue pour simplifier la gestion quotidienne des logements sociaux, l'application r\u00e9duit les temps de r\u00e9ponse et am\u00e9liore [...]<\/p>","protected":false},"author":8,"featured_media":0,"parent":6577,"menu_order":0,"comment_status":"closed","ping_status":"closed","template":"","meta":{"footnotes":""},"class_list":["post-6756","page","type-page","status-publish","hentry"],"_links":{"self":[{"href":"https:\/\/www-test.idearespa.eu\/fr\/wp-json\/wp\/v2\/pages\/6756","targetHints":{"allow":["GET"]}}],"collection":[{"href":"https:\/\/www-test.idearespa.eu\/fr\/wp-json\/wp\/v2\/pages"}],"about":[{"href":"https:\/\/www-test.idearespa.eu\/fr\/wp-json\/wp\/v2\/types\/page"}],"author":[{"embeddable":true,"href":"https:\/\/www-test.idearespa.eu\/fr\/wp-json\/wp\/v2\/users\/8"}],"replies":[{"embeddable":true,"href":"https:\/\/www-test.idearespa.eu\/fr\/wp-json\/wp\/v2\/comments?post=6756"}],"version-history":[{"count":19,"href":"https:\/\/www-test.idearespa.eu\/fr\/wp-json\/wp\/v2\/pages\/6756\/revisions"}],"predecessor-version":[{"id":7660,"href":"https:\/\/www-test.idearespa.eu\/fr\/wp-json\/wp\/v2\/pages\/6756\/revisions\/7660"}],"up":[{"embeddable":true,"href":"https:\/\/www-test.idearespa.eu\/fr\/wp-json\/wp\/v2\/pages\/6577"}],"wp:attachment":[{"href":"https:\/\/www-test.idearespa.eu\/fr\/wp-json\/wp\/v2\/media?parent=6756"}],"curies":[{"name":"wp","href":"https:\/\/api.w.org\/{rel}","templated":true}]}}