{"id":6893,"date":"2025-08-22T12:50:02","date_gmt":"2025-08-22T10:50:02","guid":{"rendered":"https:\/\/www-test.idearespa.eu\/?page_id=6893"},"modified":"2025-09-02T10:15:20","modified_gmt":"2025-09-02T08:15:20","slug":"a-i-document-intelligence","status":"publish","type":"page","link":"https:\/\/www-test.idearespa.eu\/fr\/soluzioni\/a-i-document-intelligence\/","title":{"rendered":"01-7-D\u00e9tail des pages : A.I. Document Intelligence"},"content":{"rendered":"<div data-elementor-type=\"wp-page\" data-elementor-id=\"6893\" class=\"elementor elementor-6893\" data-elementor-post-type=\"page\">\n\t\t\t\t<div class=\"elementor-element elementor-element-17f57cec e-flex e-con-boxed e-con e-child\" data-id=\"17f57cec\" data-element_type=\"container\" data-settings=\"{&quot;background_background&quot;:&quot;classic&quot;}\">\n\t\t\t\t\t<div class=\"e-con-inner\">\n\t\t<div class=\"elementor-element elementor-element-43d123ef e-con-full e-flex e-con e-child\" data-id=\"43d123ef\" data-element_type=\"container\">\n\t\t<div class=\"elementor-element elementor-element-3d999d49 e-con-full e-flex e-con e-child\" data-id=\"3d999d49\" data-element_type=\"container\">\n\t\t\t\t<div class=\"elementor-element elementor-element-168bd480 elementor-widget elementor-widget-heading\" data-id=\"168bd480\" data-element_type=\"widget\" data-widget_type=\"heading.default\">\n\t\t\t\t<div class=\"elementor-widget-container\">\n\t\t\t\t\t<h2 class=\"elementor-heading-title elementor-size-default\">A.I. Document Intelligence<\/h2>\t\t\t\t<\/div>\n\t\t\t\t<\/div>\n\t\t\t\t<div class=\"elementor-element elementor-element-54bbd76 elementor-widget elementor-widget-heading\" data-id=\"54bbd76\" data-element_type=\"widget\" data-widget_type=\"heading.default\">\n\t\t\t\t<div class=\"elementor-widget-container\">\n\t\t\t\t\t<h1 class=\"elementor-heading-title elementor-size-default\">Document Intelligence : OCR intelligent et analyse s\u00e9mantique<\/h1>\t\t\t\t<\/div>\n\t\t\t\t<\/div>\n\t\t\t\t<div class=\"elementor-element elementor-element-2fa0aaf9 elementor-widget elementor-widget-text-editor\" data-id=\"2fa0aaf9\" data-element_type=\"widget\" data-widget_type=\"text-editor.default\">\n\t\t\t\t<div class=\"elementor-widget-container\">\n\t\t\t\t\t\t\t\t\t<p>La solution <strong data-start=\"4476\" data-end=\"4482\">IA<\/strong> pour g\u00e9rer des documents <strong data-start=\"4505\" data-end=\"4516\">techniciens<\/strong>, <strong data-start=\"4518\" data-end=\"4531\">juridiques<\/strong> e <strong data-start=\"4534\" data-end=\"4552\">administratifs<\/strong>: extraction, interpr\u00e9tation et structuration automatiques des donn\u00e9es, m\u00eame \u00e0 partir de manuscrits ou de documents complexes.<\/p>\t\t\t\t\t\t\t\t<\/div>\n\t\t\t\t<\/div>\n\t\t\t\t<div class=\"elementor-element elementor-element-7e2d42ef elementor-tablet-align-justify elementor-align-justify elementor-widget__width-initial elementor-widget elementor-widget-button\" data-id=\"7e2d42ef\" data-element_type=\"widget\" data-widget_type=\"button.default\">\n\t\t\t\t<div class=\"elementor-widget-container\">\n\t\t\t\t\t\t\t\t\t<div class=\"elementor-button-wrapper\">\n\t\t\t\t\t<a class=\"elementor-button elementor-button-link elementor-size-sm\" href=\"https:\/\/www-test.idearespa.eu\/fr\/demo\/\">\n\t\t\t\t\t\t<span class=\"elementor-button-content-wrapper\">\n\t\t\t\t\t\t<span class=\"elementor-button-icon\">\n\t\t\t\t<i aria-hidden=\"true\" class=\"fas fa-long-arrow-alt-right\"><\/i>\t\t\t<\/span>\n\t\t\t\t\t\t\t\t\t<span class=\"elementor-button-text\">Demander une d\u00e9monstration<\/span>\n\t\t\t\t\t<\/span>\n\t\t\t\t\t<\/a>\n\t\t\t\t<\/div>\n\t\t\t\t\t\t\t\t<\/div>\n\t\t\t\t<\/div>\n\t\t\t\t<\/div>\n\t\t<div class=\"elementor-element elementor-element-4cdc2bc9 e-con-full e-flex e-con e-child\" data-id=\"4cdc2bc9\" data-element_type=\"container\">\n\t\t\t\t<div class=\"elementor-element elementor-element-1a20bffe elementor-widget elementor-widget-image\" data-id=\"1a20bffe\" data-element_type=\"widget\" data-widget_type=\"image.default\">\n\t\t\t\t<div class=\"elementor-widget-container\">\n\t\t\t\t\t\t\t\t\t\t\t\t\t\t\t<img fetchpriority=\"high\" decoding=\"async\" width=\"600\" height=\"400\" src=\"https:\/\/www-test.idearespa.eu\/wp-content\/uploads\/2025\/08\/07-ideare-A.I.png\" class=\"attachment-large size-large wp-image-6986\" alt=\"\" srcset=\"https:\/\/www-test.idearespa.eu\/wp-content\/uploads\/2025\/08\/07-ideare-A.I.png 600w, https:\/\/www-test.idearespa.eu\/wp-content\/uploads\/2025\/08\/07-ideare-A.I-300x200.png 300w, https:\/\/www-test.idearespa.eu\/wp-content\/uploads\/2025\/08\/07-ideare-A.I-18x12.png 18w\" sizes=\"(max-width: 600px) 100vw, 600px\" \/>\t\t\t\t\t\t\t\t\t\t\t\t\t\t\t<\/div>\n\t\t\t\t<\/div>\n\t\t\t\t<\/div>\n\t\t\t\t<\/div>\n\t\t\t\t\t<\/div>\n\t\t\t\t<\/div>\n\t\t<div class=\"elementor-element elementor-element-8177cef e-flex e-con-boxed e-con e-child\" data-id=\"8177cef\" data-element_type=\"container\">\n\t\t\t\t\t<div class=\"e-con-inner\">\n\t\t<div class=\"elementor-element elementor-element-e4ce484 e-con-full e-flex e-con e-child\" data-id=\"e4ce484\" data-element_type=\"container\">\n\t\t<div class=\"elementor-element elementor-element-4c15ae5 e-con-full e-flex e-con e-child\" data-id=\"4c15ae5\" data-element_type=\"container\">\n\t\t<div class=\"elementor-element elementor-element-b5db3e3 e-con-full e-flex e-con e-child\" data-id=\"b5db3e3\" data-element_type=\"container\">\n\t\t\t\t<div class=\"elementor-element elementor-element-08bb35e elementor-widget elementor-widget-heading\" data-id=\"08bb35e\" data-element_type=\"widget\" data-widget_type=\"heading.default\">\n\t\t\t\t<div class=\"elementor-widget-container\">\n\t\t\t\t\t<h2 class=\"elementor-heading-title elementor-size-default\">Du document \u00e0 la donn\u00e9e exploitable<\/h2>\t\t\t\t<\/div>\n\t\t\t\t<\/div>\n\t\t\t\t<div class=\"elementor-element elementor-element-81f1fc7 elementor-widget elementor-widget-text-editor\" data-id=\"81f1fc7\" data-element_type=\"widget\" data-widget_type=\"text-editor.default\">\n\t\t\t\t<div class=\"elementor-widget-container\">\n\t\t\t\t\t\t\t\t\t<p data-start=\"565\" data-end=\"1007\">Nous combinons <strong data-start=\"4878\" data-end=\"4894\">OCR avanc\u00e9<\/strong> e <strong data-start=\"4897\" data-end=\"4918\">mod\u00e8les s\u00e9mantiques<\/strong> pour r\u00e9duire le travail manuel, am\u00e9liorer la qualit\u00e9 des donn\u00e9es et acc\u00e9l\u00e9rer les processus administratifs, gr\u00e2ce \u00e0 l'int\u00e9gration dans les bases de donn\u00e9es et les flux de travail <strong data-start=\"5057\" data-end=\"5068\">Arbre de r\u00e9f\u00e9rence<\/strong>.<\/p>\t\t\t\t\t\t\t\t<\/div>\n\t\t\t\t<\/div>\n\t\t\t\t<\/div>\n\t\t\t\t<\/div>\n\t\t\t\t<\/div>\n\t\t<div class=\"elementor-element elementor-element-36dc457 e-con-full e-flex e-con e-child\" data-id=\"36dc457\" data-element_type=\"container\">\n\t\t\t\t<div class=\"elementor-element elementor-element-426e396 elementor-widget elementor-widget-image\" data-id=\"426e396\" data-element_type=\"widget\" data-widget_type=\"image.default\">\n\t\t\t\t<div class=\"elementor-widget-container\">\n\t\t\t\t\t\t\t\t\t\t\t\t\t\t\t<img decoding=\"async\" width=\"600\" height=\"400\" src=\"https:\/\/www-test.idearespa.eu\/wp-content\/uploads\/2025\/08\/07-ideare-A.I-02.png\" class=\"attachment-large size-large wp-image-6982\" alt=\"\" srcset=\"https:\/\/www-test.idearespa.eu\/wp-content\/uploads\/2025\/08\/07-ideare-A.I-02.png 600w, https:\/\/www-test.idearespa.eu\/wp-content\/uploads\/2025\/08\/07-ideare-A.I-02-300x200.png 300w, https:\/\/www-test.idearespa.eu\/wp-content\/uploads\/2025\/08\/07-ideare-A.I-02-18x12.png 18w\" sizes=\"(max-width: 600px) 100vw, 600px\" \/>\t\t\t\t\t\t\t\t\t\t\t\t\t\t\t<\/div>\n\t\t\t\t<\/div>\n\t\t\t\t<\/div>\n\t\t\t\t\t<\/div>\n\t\t\t\t<\/div>\n\t\t<div class=\"elementor-element elementor-element-ca3023c e-con-full e-flex e-con e-child\" data-id=\"ca3023c\" data-element_type=\"container\">\n\t\t<div class=\"elementor-element elementor-element-af6a5f8 e-con-full e-flex e-con e-child\" data-id=\"af6a5f8\" data-element_type=\"container\">\n\t\t<div class=\"elementor-element elementor-element-fb86c53 e-con-full e-flex e-con e-child\" data-id=\"fb86c53\" data-element_type=\"container\">\n\t\t\t\t<div class=\"elementor-element elementor-element-ef0e797 elementor-widget elementor-widget-heading\" data-id=\"ef0e797\" data-element_type=\"widget\" data-widget_type=\"heading.default\">\n\t\t\t\t<div class=\"elementor-widget-container\">\n\t\t\t\t\t<h2 class=\"elementor-heading-title elementor-size-default\">Caract\u00e9ristiques et cas d'utilisation<\/h2>\t\t\t\t<\/div>\n\t\t\t\t<\/div>\n\t\t\t\t<\/div>\n\t\t\t\t<\/div>\n\t\t\t\t<\/div>\n\t\t<div class=\"elementor-element elementor-element-b1ca592 e-flex e-con-boxed e-con e-child\" data-id=\"b1ca592\" data-element_type=\"container\">\n\t\t\t\t\t<div class=\"e-con-inner\">\n\t\t<div class=\"elementor-element elementor-element-ef46626 e-con-full ombra-cards e-flex e-con e-child\" data-id=\"ef46626\" data-element_type=\"container\" data-settings=\"{&quot;background_background&quot;:&quot;classic&quot;}\">\n\t\t<div class=\"elementor-element elementor-element-db77194 e-con-full e-flex e-con e-child\" data-id=\"db77194\" data-element_type=\"container\">\n\t\t\t\t<div class=\"elementor-element elementor-element-1b3eaa5 elementor-widget elementor-widget-heading\" data-id=\"1b3eaa5\" data-element_type=\"widget\" data-widget_type=\"heading.default\">\n\t\t\t\t<div class=\"elementor-widget-container\">\n\t\t\t\t\t<h2 class=\"elementor-heading-title elementor-size-default\">Fonctionnalit\u00e9s cl\u00e9s<\/h2>\t\t\t\t<\/div>\n\t\t\t\t<\/div>\n\t\t\t\t<div class=\"elementor-element elementor-element-cf86c05 elementor-widget-divider--view-line elementor-widget elementor-widget-divider\" data-id=\"cf86c05\" data-element_type=\"widget\" data-widget_type=\"divider.default\">\n\t\t\t\t<div class=\"elementor-widget-container\">\n\t\t\t\t\t\t\t<div class=\"elementor-divider\">\n\t\t\t<span class=\"elementor-divider-separator\">\n\t\t\t\t\t\t<\/span>\n\t\t<\/div>\n\t\t\t\t\t\t<\/div>\n\t\t\t\t<\/div>\n\t\t\t\t<div class=\"elementor-element elementor-element-ad0022d elementor-icon-list--layout-traditional elementor-list-item-link-full_width elementor-widget elementor-widget-icon-list\" data-id=\"ad0022d\" data-element_type=\"widget\" data-widget_type=\"icon-list.default\">\n\t\t\t\t<div class=\"elementor-widget-container\">\n\t\t\t\t\t\t\t<ul class=\"elementor-icon-list-items\">\n\t\t\t\t\t\t\t<li class=\"elementor-icon-list-item\">\n\t\t\t\t\t\t\t\t\t\t\t<span class=\"elementor-icon-list-icon\">\n\t\t\t\t\t\t\t<i aria-hidden=\"true\" class=\"fas fa-check\"><\/i>\t\t\t\t\t\t<\/span>\n\t\t\t\t\t\t\t\t\t\t<span class=\"elementor-icon-list-text\"><strong>Analyse s\u00e9mantique<\/strong> e <strong>Reconnaissance optique de caract\u00e8res intelligente<\/strong> sur des textes imprim\u00e9s\/manuscrits.<\/span>\n\t\t\t\t\t\t\t\t\t<\/li>\n\t\t\t\t\t\t\t\t<li class=\"elementor-icon-list-item\">\n\t\t\t\t\t\t\t\t\t\t\t<span class=\"elementor-icon-list-icon\">\n\t\t\t\t\t\t\t<i aria-hidden=\"true\" class=\"fas fa-check\"><\/i>\t\t\t\t\t\t<\/span>\n\t\t\t\t\t\t\t\t\t\t<span class=\"elementor-icon-list-text\"><strong>Extraction automatique<\/strong> de <strong>donn\u00e9es cl\u00e9s<\/strong> (donn\u00e9es personnelles, <strong>r\u00e9f\u00e9rences cadastrales<\/strong>, <strong>clauses<\/strong>, <strong>dates<\/strong>).<\/span>\n\t\t\t\t\t\t\t\t\t<\/li>\n\t\t\t\t\t\t\t\t<li class=\"elementor-icon-list-item\">\n\t\t\t\t\t\t\t\t\t\t\t<span class=\"elementor-icon-list-icon\">\n\t\t\t\t\t\t\t<i aria-hidden=\"true\" class=\"fas fa-check\"><\/i>\t\t\t\t\t\t<\/span>\n\t\t\t\t\t\t\t\t\t\t<span class=\"elementor-icon-list-text\"><strong>Classification<\/strong> documentaire et <strong>synth\u00e8se<\/strong> lisibles.<\/span>\n\t\t\t\t\t\t\t\t\t<\/li>\n\t\t\t\t\t\t\t\t<li class=\"elementor-icon-list-item\">\n\t\t\t\t\t\t\t\t\t\t\t<span class=\"elementor-icon-list-icon\">\n\t\t\t\t\t\t\t<i aria-hidden=\"true\" class=\"fas fa-check\"><\/i>\t\t\t\t\t\t<\/span>\n\t\t\t\t\t\t\t\t\t\t<span class=\"elementor-icon-list-text\"><strong>\u00c9valuation de la lisibilit\u00e9<\/strong> avec des suggestions de <strong>simplification<\/strong>.<\/span>\n\t\t\t\t\t\t\t\t\t<\/li>\n\t\t\t\t\t\t\t\t<li class=\"elementor-icon-list-item\">\n\t\t\t\t\t\t\t\t\t\t\t<span class=\"elementor-icon-list-icon\">\n\t\t\t\t\t\t\t<i aria-hidden=\"true\" class=\"fas fa-check\"><\/i>\t\t\t\t\t\t<\/span>\n\t\t\t\t\t\t\t\t\t\t<span class=\"elementor-icon-list-text\"><strong>Nettoyage des donn\u00e9es<\/strong> e <strong>int\u00e9gration des donn\u00e9es<\/strong> avec stockage structur\u00e9.<\/span>\n\t\t\t\t\t\t\t\t\t<\/li>\n\t\t\t\t\t\t<\/ul>\n\t\t\t\t\t\t<\/div>\n\t\t\t\t<\/div>\n\t\t\t\t<\/div>\n\t\t\t\t<\/div>\n\t\t<div class=\"elementor-element elementor-element-4147151 e-con-full ombra-cards e-flex e-con e-child\" data-id=\"4147151\" data-element_type=\"container\" data-settings=\"{&quot;background_background&quot;:&quot;classic&quot;}\">\n\t\t<div class=\"elementor-element elementor-element-9cc8f46 e-con-full e-flex e-con e-child\" data-id=\"9cc8f46\" data-element_type=\"container\">\n\t\t\t\t<div class=\"elementor-element elementor-element-837b7ab elementor-widget elementor-widget-heading\" data-id=\"837b7ab\" data-element_type=\"widget\" data-widget_type=\"heading.default\">\n\t\t\t\t<div class=\"elementor-widget-container\">\n\t\t\t\t\t<h2 class=\"elementor-heading-title elementor-size-default\">Quand l'utiliser<\/h2>\t\t\t\t<\/div>\n\t\t\t\t<\/div>\n\t\t\t\t<div class=\"elementor-element elementor-element-3ffed5b elementor-widget-divider--view-line elementor-widget elementor-widget-divider\" data-id=\"3ffed5b\" data-element_type=\"widget\" data-widget_type=\"divider.default\">\n\t\t\t\t<div class=\"elementor-widget-container\">\n\t\t\t\t\t\t\t<div class=\"elementor-divider\">\n\t\t\t<span class=\"elementor-divider-separator\">\n\t\t\t\t\t\t<\/span>\n\t\t<\/div>\n\t\t\t\t\t\t<\/div>\n\t\t\t\t<\/div>\n\t\t\t\t<div class=\"elementor-element elementor-element-f29a63d elementor-icon-list--layout-traditional elementor-list-item-link-full_width elementor-widget elementor-widget-icon-list\" data-id=\"f29a63d\" data-element_type=\"widget\" data-widget_type=\"icon-list.default\">\n\t\t\t\t<div class=\"elementor-widget-container\">\n\t\t\t\t\t\t\t<ul class=\"elementor-icon-list-items\">\n\t\t\t\t\t\t\t<li class=\"elementor-icon-list-item\">\n\t\t\t\t\t\t\t\t\t\t\t<span class=\"elementor-icon-list-icon\">\n\t\t\t\t\t\t\t<i aria-hidden=\"true\" class=\"fas fa-check\"><\/i>\t\t\t\t\t\t<\/span>\n\t\t\t\t\t\t\t\t\t\t<span class=\"elementor-icon-list-text\"><strong>Num\u00e9risation<\/strong> et compr\u00e9hension de <strong>actes notari\u00e9s<\/strong>, <strong>contrats<\/strong>, <strong>rapports techniques<\/strong>, documents historiques.<\/span>\n\t\t\t\t\t\t\t\t\t<\/li>\n\t\t\t\t\t\t\t\t<li class=\"elementor-icon-list-item\">\n\t\t\t\t\t\t\t\t\t\t\t<span class=\"elementor-icon-list-icon\">\n\t\t\t\t\t\t\t<i aria-hidden=\"true\" class=\"fas fa-check\"><\/i>\t\t\t\t\t\t<\/span>\n\t\t\t\t\t\t\t\t\t\t<span class=\"elementor-icon-list-text\"><strong>Automatisation<\/strong> flux d'approbation dans la fonction publique et le secteur priv\u00e9.<\/span>\n\t\t\t\t\t\t\t\t\t<\/li>\n\t\t\t\t\t\t\t\t<li class=\"elementor-icon-list-item\">\n\t\t\t\t\t\t\t\t\t\t\t<span class=\"elementor-icon-list-icon\">\n\t\t\t\t\t\t\t<i aria-hidden=\"true\" class=\"fas fa-check\"><\/i>\t\t\t\t\t\t<\/span>\n\t\t\t\t\t\t\t\t\t\t<span class=\"elementor-icon-list-text\"><strong>Due diligence<\/strong> e <strong>archivage technique<\/strong> dans l'immobilier.<\/span>\n\t\t\t\t\t\t\t\t\t<\/li>\n\t\t\t\t\t\t\t\t<li class=\"elementor-icon-list-item\">\n\t\t\t\t\t\t\t\t\t\t\t<span class=\"elementor-icon-list-icon\">\n\t\t\t\t\t\t\t<i aria-hidden=\"true\" class=\"fas fa-check\"><\/i>\t\t\t\t\t\t<\/span>\n\t\t\t\t\t\t\t\t\t\t<span class=\"elementor-icon-list-text\"><strong>Int\u00e9gration<\/strong> DMS pour <strong>m\u00e9tadonn\u00e9es<\/strong> automatiques.<\/span>\n\t\t\t\t\t\t\t\t\t<\/li>\n\t\t\t\t\t\t\t\t<li class=\"elementor-icon-list-item\">\n\t\t\t\t\t\t\t\t\t\t\t<span class=\"elementor-icon-list-icon\">\n\t\t\t\t\t\t\t<i aria-hidden=\"true\" class=\"fas fa-check\"><\/i>\t\t\t\t\t\t<\/span>\n\t\t\t\t\t\t\t\t\t\t<span class=\"elementor-icon-list-text\"><strong>Analyse pr\u00e9ventive<\/strong> et qualit\u00e9 <strong>r\u00e9dactionnel<\/strong> des textes.<\/span>\n\t\t\t\t\t\t\t\t\t<\/li>\n\t\t\t\t\t\t\t\t<li class=\"elementor-icon-list-item\">\n\t\t\t\t\t\t\t\t\t\t\t<span class=\"elementor-icon-list-icon\">\n\t\t\t\t\t\t\t<i aria-hidden=\"true\" class=\"fas fa-check\"><\/i>\t\t\t\t\t\t<\/span>\n\t\t\t\t\t\t\t\t\t\t<span class=\"elementor-icon-list-text\"><strong>R\u00e9duction des d\u00e9lais<\/strong> de gestion de <strong>heures<\/strong> a <strong>minutes<\/strong>.<\/span>\n\t\t\t\t\t\t\t\t\t<\/li>\n\t\t\t\t\t\t<\/ul>\n\t\t\t\t\t\t<\/div>\n\t\t\t\t<\/div>\n\t\t\t\t<\/div>\n\t\t\t\t<\/div>\n\t\t\t\t\t<\/div>\n\t\t\t\t<\/div>\n\t\t<div class=\"elementor-element elementor-element-d099261 e-con-full e-flex e-con e-child\" data-id=\"d099261\" data-element_type=\"container\">\n\t\t<div class=\"elementor-element elementor-element-1c694aa e-flex e-con-boxed e-con e-child\" data-id=\"1c694aa\" data-element_type=\"container\">\n\t\t\t\t\t<div class=\"e-con-inner\">\n\t\t<div class=\"elementor-element elementor-element-31ce1df e-con-full e-flex e-con e-child\" data-id=\"31ce1df\" data-element_type=\"container\" data-settings=\"{&quot;background_background&quot;:&quot;classic&quot;}\">\n\t\t<div class=\"elementor-element elementor-element-2b843c0 e-con-full e-flex e-con e-child\" data-id=\"2b843c0\" data-element_type=\"container\">\n\t\t\t\t<div class=\"elementor-element elementor-element-d4c1b79 elementor-widget elementor-widget-heading\" data-id=\"d4c1b79\" data-element_type=\"widget\" data-widget_type=\"heading.default\">\n\t\t\t\t<div class=\"elementor-widget-container\">\n\t\t\t\t\t<h2 class=\"elementor-heading-title elementor-size-default\">Transformez vos archives en informations exploitables<\/h2>\t\t\t\t<\/div>\n\t\t\t\t<\/div>\n\t\t\t\t<div class=\"elementor-element elementor-element-01d2be2 elementor-widget elementor-widget-text-editor\" data-id=\"01d2be2\" data-element_type=\"widget\" data-widget_type=\"text-editor.default\">\n\t\t\t\t<div class=\"elementor-widget-container\">\n\t\t\t\t\t\t\t\t\t<p>Porte <strong data-start=\"6308\" data-end=\"6315\">OCR<\/strong> e <strong data-start=\"6318\" data-end=\"6324\">IA<\/strong> dans les processus documentaires pour la rapidit\u00e9, la qualit\u00e9 et le contr\u00f4le.<\/p>\t\t\t\t\t\t\t\t<\/div>\n\t\t\t\t<\/div>\n\t\t\t\t<div class=\"elementor-element elementor-element-874536c elementor-tablet-align-justify elementor-align-justify elementor-widget__width-auto elementor-widget-mobile__width-inherit elementor-widget elementor-widget-button\" data-id=\"874536c\" data-element_type=\"widget\" data-widget_type=\"button.default\">\n\t\t\t\t<div class=\"elementor-widget-container\">\n\t\t\t\t\t\t\t\t\t<div class=\"elementor-button-wrapper\">\n\t\t\t\t\t<a class=\"elementor-button elementor-button-link elementor-size-sm\" href=\"https:\/\/www-test.idearespa.eu\/fr\/demo\/\">\n\t\t\t\t\t\t<span class=\"elementor-button-content-wrapper\">\n\t\t\t\t\t\t<span class=\"elementor-button-icon\">\n\t\t\t\t<i aria-hidden=\"true\" class=\"fas fa-laptop-code\"><\/i>\t\t\t<\/span>\n\t\t\t\t\t\t\t\t\t<span class=\"elementor-button-text\">Demander une d\u00e9monstration<\/span>\n\t\t\t\t\t<\/span>\n\t\t\t\t\t<\/a>\n\t\t\t\t<\/div>\n\t\t\t\t\t\t\t\t<\/div>\n\t\t\t\t<\/div>\n\t\t\t\t<\/div>\n\t\t<div class=\"elementor-element elementor-element-dcb744d e-con-full e-flex e-con e-child\" data-id=\"dcb744d\" data-element_type=\"container\">\n\t\t\t\t<\/div>\n\t\t\t\t<\/div>\n\t\t\t\t\t<\/div>\n\t\t\t\t<\/div>\n\t\t\t\t<\/div>\n\t\t\t\t<\/div>","protected":false},"excerpt":{"rendered":"<p>A.I. Document Intelligence Document Intelligence : OCR intelligente et analyse s\u00e9mantique La solution d'IA pour la gestion des documents techniques, juridiques et administratifs : extraction, interpr\u00e9tation et structuration automatiques des donn\u00e9es - m\u00eame \u00e0 partir de manuscrits ou de documents complexes. Demander une d\u00e9mo Du document aux donn\u00e9es exploitables Nous combinons l'OCR avanc\u00e9 et les mod\u00e8les s\u00e9mantiques pour r\u00e9duire le travail manuel, augmenter la qualit\u00e9 des donn\u00e9es et [...]<\/p>","protected":false},"author":8,"featured_media":0,"parent":6577,"menu_order":0,"comment_status":"closed","ping_status":"closed","template":"","meta":{"footnotes":""},"class_list":["post-6893","page","type-page","status-publish","hentry"],"_links":{"self":[{"href":"https:\/\/www-test.idearespa.eu\/fr\/wp-json\/wp\/v2\/pages\/6893","targetHints":{"allow":["GET"]}}],"collection":[{"href":"https:\/\/www-test.idearespa.eu\/fr\/wp-json\/wp\/v2\/pages"}],"about":[{"href":"https:\/\/www-test.idearespa.eu\/fr\/wp-json\/wp\/v2\/types\/page"}],"author":[{"embeddable":true,"href":"https:\/\/www-test.idearespa.eu\/fr\/wp-json\/wp\/v2\/users\/8"}],"replies":[{"embeddable":true,"href":"https:\/\/www-test.idearespa.eu\/fr\/wp-json\/wp\/v2\/comments?post=6893"}],"version-history":[{"count":17,"href":"https:\/\/www-test.idearespa.eu\/fr\/wp-json\/wp\/v2\/pages\/6893\/revisions"}],"predecessor-version":[{"id":7669,"href":"https:\/\/www-test.idearespa.eu\/fr\/wp-json\/wp\/v2\/pages\/6893\/revisions\/7669"}],"up":[{"embeddable":true,"href":"https:\/\/www-test.idearespa.eu\/fr\/wp-json\/wp\/v2\/pages\/6577"}],"wp:attachment":[{"href":"https:\/\/www-test.idearespa.eu\/fr\/wp-json\/wp\/v2\/media?parent=6893"}],"curies":[{"name":"wp","href":"https:\/\/api.w.org\/{rel}","templated":true}]}}